{"id":3010,"date":"2020-01-08T14:48:21","date_gmt":"2020-01-08T13:48:21","guid":{"rendered":"https:\/\/www.equitrend.nl\/nieuw\/product\/strowagen-exclusief\/"},"modified":"2025-02-26T10:18:49","modified_gmt":"2025-02-26T09:18:49","slug":"strohwagen-exklusiv","status":"publish","type":"product","link":"https:\/\/www.equitrend.nl\/de\/assortiment\/strowagen-exclusief\/","title":{"rendered":"Grossballenwagen Exklusiv"},"content":{"rendered":"<p>Dieser robuste grossballenwagen bietet Platz f\u00fcr gro\u00dfe Ballen, die sowohl quadratisch als auch rund sind. Da die gro\u00dfen R\u00e4der in der Mitte des Strohwagens angebracht sind, ist er sehr wendig und leicht zu schieben.<\/p>\n<p><strong>Ihre Vorteile:<\/strong><\/p>\n<ul>\n<li>Durch die runde Form gibt es keine Ecken und Kanten; verhindert Verletzungen bei Mensch und Tier.<\/li>\n<li>Kugelgelagerte Stahlfelgen mit Gote-Luftreifen erleichtern das Schieben.<\/li>\n<li>Kugelgelagerte Lenkrollen machen den Wagen noch wendiger.<\/li>\n<li>Vollst\u00e4ndig pulverbeschichtet in gr\u00fcn.<\/li>\n<li>Tragf\u00e4higkeit bis zu 1.000 kg.<\/li>\n<\/ul>\n<p>Optional: Drehscheibe f\u00fcr Rundballen, abnehmbar; leichteres Abrollen. Unser Strowagen Exclusive ist auch mit Batterieantrieb erh\u00e4ltlich.<\/p>","protected":false},"featured_media":736,"parent":0,"template":"","meta":{"_acf_changed":false,"_monsterinsights_skip_tracking":false,"_monsterinsights_sitenote_active":false,"_monsterinsights_sitenote_note":"","_monsterinsights_sitenote_category":0},"eigenschap":[],"product-categorie":[275],"class_list":["post-3010","product","type-product","status-publish","has-post-thumbnail","hentry","product-categorie-transport"],"acf":[],"_links":{"self":[{"href":"https:\/\/www.equitrend.nl\/de\/wp-json\/wp\/v2\/product\/3010","targetHints":{"allow":["GET"]}}],"collection":[{"href":"https:\/\/www.equitrend.nl\/de\/wp-json\/wp\/v2\/product"}],"about":[{"href":"https:\/\/www.equitrend.nl\/de\/wp-json\/wp\/v2\/types\/product"}],"wp:featuredmedia":[{"embeddable":true,"href":"https:\/\/www.equitrend.nl\/de\/wp-json\/wp\/v2\/media\/736"}],"wp:attachment":[{"href":"https:\/\/www.equitrend.nl\/de\/wp-json\/wp\/v2\/media?parent=3010"}],"wp:term":[{"taxonomy":"eigenschap","embeddable":true,"href":"https:\/\/www.equitrend.nl\/de\/wp-json\/wp\/v2\/eigenschap?post=3010"},{"taxonomy":"product-categorie","embeddable":true,"href":"https:\/\/www.equitrend.nl\/de\/wp-json\/wp\/v2\/product-categorie?post=3010"}],"curies":[{"name":"wp","href":"https:\/\/api.w.org\/{rel}","templated":true}]}}