{"id":2875,"date":"2018-06-08T09:18:53","date_gmt":"2018-06-08T07:18:53","guid":{"rendered":"https:\/\/www.equitrend.nl\/nieuw\/product\/bodemvlakker-flc-ahk-xl\/"},"modified":"2018-06-08T09:18:53","modified_gmt":"2018-06-08T07:18:53","slug":"boden-flaker-flc-ahk-xl","status":"publish","type":"product","link":"https:\/\/www.equitrend.nl\/de\/assortiment\/bodemvlakker-flc-ahk-xl\/","title":{"rendered":"Reitbahnplaner FLC AHK-XL"},"content":{"rendered":"<p>Ein Reitbahnplaner f\u00fcr Zugfahrzeuge mit Anh\u00e4ngerkupplung oder Zugmaul.<\/p>\n<p>Dank seiner h\u00f6henverstellbaren Anh\u00e4ngerkupplung ist eine optimale H\u00f6henanpassung an das betreffende Zugfahrzeug (Knicklader) sichergestellt.<\/p>\n<p>Die hydraulische Hebevorrichtung erm\u00f6glicht einfaches Man\u00f6vrieren und problemlosen Transport in der Reithalle. Die hydraulische Bedienung erfolgt durch das Zugfahrzeug oder manuell mithilfe der hydraulischen Handpumpe.<\/p>\n<div  class='avia-button-wrap av-3145a7-7a797808c5b6b8ab5029b5ac88274b2b-wrap avia-button-left  avia-builder-el-0  avia-builder-el-no-sibling'><a href='\/de\/product\/bodengleichmacher-flc\/?term=bodemvlakkers'  class='avia-button av-3145a7-7a797808c5b6b8ab5029b5ac88274b2b av-link-btn avia-icon_select-yes-left-icon avia-size-small avia-position-left avia-color-theme-color'   aria-label=\"Zur\u00fcck zur \u00dcbersicht\"><span class='avia_button_icon avia_button_icon_left avia-iconfont avia-font-entypo-fontello' data-av_icon='\ue811' data-av_iconfont='entypo-fontello' ><\/span><span class='avia_iconbox_title' >Zur\u00fcck zur \u00dcbersicht<\/span><\/a><\/div>","protected":false},"featured_media":724,"parent":0,"template":"","meta":{"_acf_changed":false,"_monsterinsights_skip_tracking":false,"_monsterinsights_sitenote_active":false,"_monsterinsights_sitenote_note":"","_monsterinsights_sitenote_category":0},"eigenschap":[],"product-categorie":[273],"class_list":["post-2875","product","type-product","status-publish","has-post-thumbnail","hentry","product-categorie-bodemvlakkers"],"acf":[],"_links":{"self":[{"href":"https:\/\/www.equitrend.nl\/de\/wp-json\/wp\/v2\/product\/2875","targetHints":{"allow":["GET"]}}],"collection":[{"href":"https:\/\/www.equitrend.nl\/de\/wp-json\/wp\/v2\/product"}],"about":[{"href":"https:\/\/www.equitrend.nl\/de\/wp-json\/wp\/v2\/types\/product"}],"wp:featuredmedia":[{"embeddable":true,"href":"https:\/\/www.equitrend.nl\/de\/wp-json\/wp\/v2\/media\/724"}],"wp:attachment":[{"href":"https:\/\/www.equitrend.nl\/de\/wp-json\/wp\/v2\/media?parent=2875"}],"wp:term":[{"taxonomy":"eigenschap","embeddable":true,"href":"https:\/\/www.equitrend.nl\/de\/wp-json\/wp\/v2\/eigenschap?post=2875"},{"taxonomy":"product-categorie","embeddable":true,"href":"https:\/\/www.equitrend.nl\/de\/wp-json\/wp\/v2\/product-categorie?post=2875"}],"curies":[{"name":"wp","href":"https:\/\/api.w.org\/{rel}","templated":true}]}}