{"id":2874,"date":"2018-06-08T09:13:24","date_gmt":"2018-06-08T07:13:24","guid":{"rendered":"https:\/\/www.equitrend.nl\/nieuw\/product\/bodemvlakker-flc-ahk-s\/"},"modified":"2026-01-12T09:47:56","modified_gmt":"2026-01-12T08:47:56","slug":"bodenflocker-flc-ahk-s","status":"publish","type":"product","link":"https:\/\/www.equitrend.nl\/de\/assortiment\/bodemvlakker-flc-ahk-s\/","title":{"rendered":"Reitbahnplaner FLC AHK-S"},"content":{"rendered":"<p>Ein Bodenplaner mit einer Arbeitsbreite von 1,25 m und 1,45 m, der f\u00fcr kleine Zugfahrzeuge wie Sitzm\u00e4her, Quads etc. entwickelt wurde. Aufgrund der in der H\u00f6he stufenlos verstellbaren Anh\u00e4ngerkupplung l\u00e4sst sich das Ger\u00e4t mit wenigen Handgriffen an das Zugfahrzeug anpassen. Die in drei Reihen angebrachten Zinken und die Netzgitterwalze mit Schnecke sorgen f\u00fcr ein perfektes Resultat. Die Zinkentiefe ist von 1 cm bis 6 cm verstellbar.<\/p>\n<div  class='avia-button-wrap av-33ydu1-30567f347f102c8cdbad967488a92f91-wrap avia-button-center  avia-builder-el-0  avia-builder-el-no-sibling'><a href='https:\/\/www.google.nl'  class='avia-button av-33ydu1-30567f347f102c8cdbad967488a92f91 av-link-btn avia-icon_select-yes-left-icon avia-size-small avia-position-center avia-color-theme-color'   aria-label=\"Zur\u00fcck zur \u00dcbersicht\"><span class='avia_button_icon avia_button_icon_left avia-iconfont avia-font-entypo-fontello' data-av_icon='\ue800' data-av_iconfont='entypo-fontello' ><\/span><span class='avia_iconbox_title' >Zur\u00fcck zur \u00dcbersicht<\/span><\/a><\/div>","protected":false},"featured_media":3507,"parent":0,"template":"","meta":{"_acf_changed":false,"_monsterinsights_skip_tracking":false,"_monsterinsights_sitenote_active":false,"_monsterinsights_sitenote_note":"","_monsterinsights_sitenote_category":0},"eigenschap":[],"product-categorie":[273],"class_list":["post-2874","product","type-product","status-publish","has-post-thumbnail","hentry","product-categorie-bodemvlakkers"],"acf":[],"_links":{"self":[{"href":"https:\/\/www.equitrend.nl\/de\/wp-json\/wp\/v2\/product\/2874","targetHints":{"allow":["GET"]}}],"collection":[{"href":"https:\/\/www.equitrend.nl\/de\/wp-json\/wp\/v2\/product"}],"about":[{"href":"https:\/\/www.equitrend.nl\/de\/wp-json\/wp\/v2\/types\/product"}],"wp:featuredmedia":[{"embeddable":true,"href":"https:\/\/www.equitrend.nl\/de\/wp-json\/wp\/v2\/media\/3507"}],"wp:attachment":[{"href":"https:\/\/www.equitrend.nl\/de\/wp-json\/wp\/v2\/media?parent=2874"}],"wp:term":[{"taxonomy":"eigenschap","embeddable":true,"href":"https:\/\/www.equitrend.nl\/de\/wp-json\/wp\/v2\/eigenschap?post=2874"},{"taxonomy":"product-categorie","embeddable":true,"href":"https:\/\/www.equitrend.nl\/de\/wp-json\/wp\/v2\/product-categorie?post=2874"}],"curies":[{"name":"wp","href":"https:\/\/api.w.org\/{rel}","templated":true}]}}