{"id":2872,"date":"2018-06-08T09:08:12","date_gmt":"2018-06-08T07:08:12","guid":{"rendered":"https:\/\/www.equitrend.nl\/nieuw\/product\/bodemvlakker-flc-duo\/"},"modified":"2025-02-26T15:02:40","modified_gmt":"2025-02-26T14:02:40","slug":"bottom-flaker-flc-duo","status":"publish","type":"product","link":"https:\/\/www.equitrend.nl\/de\/assortiment\/bodemvlakker-flc-duo\/","title":{"rendered":"Reitbahnplaner FLC Duo"},"content":{"rendered":"<p>Dieser Reitbahnplaner wurde f\u00fcr die Nutzung in gr\u00f6\u00dferen mit Pferden arbeitenden Betrieben mit gro\u00dfen Reitpl\u00e4tzen entwickelt und hat eine Arbeitsbreite von 3 bis 6 m. Damit lassen sich sogar gro\u00dfe Reitpl\u00e4tze, Reithallen oder Trabrennbahnen professionell und effizient pflegen. Durch einen Klappmechanismus kann seine Breite auf ca. 1,9 m reduziert werden, sodass das Ger\u00e4t auch durch Tore mit Standardbreite passt. Das hydraulische System des Klappmechanismus wird von dem Zugfahrzeug oder einer elektrischen \u00d6lpumpe betrieben, die auf dem Reitbahnplaner angebracht ist.<\/p>\n<div  class='avia-button-wrap av-3145a7-7a797808c5b6b8ab5029b5ac88274b2b-wrap avia-button-left  avia-builder-el-0  avia-builder-el-no-sibling'><a href='\/de\/product\/bodengleichmacher-flc\/?term=bodemvlakkers'  class='avia-button av-3145a7-7a797808c5b6b8ab5029b5ac88274b2b av-link-btn avia-icon_select-yes-left-icon avia-size-small avia-position-left avia-color-theme-color'   aria-label=\"Zur\u00fcck zur \u00dcbersicht\"><span class='avia_button_icon avia_button_icon_left avia-iconfont avia-font-entypo-fontello' data-av_icon='\ue811' data-av_iconfont='entypo-fontello' ><\/span><span class='avia_iconbox_title' >Zur\u00fcck zur \u00dcbersicht<\/span><\/a><\/div>","protected":false},"featured_media":718,"parent":0,"template":"","meta":{"_acf_changed":false,"_monsterinsights_skip_tracking":false,"_monsterinsights_sitenote_active":false,"_monsterinsights_sitenote_note":"","_monsterinsights_sitenote_category":0},"eigenschap":[],"product-categorie":[273],"class_list":["post-2872","product","type-product","status-publish","has-post-thumbnail","hentry","product-categorie-bodemvlakkers"],"acf":[],"_links":{"self":[{"href":"https:\/\/www.equitrend.nl\/de\/wp-json\/wp\/v2\/product\/2872","targetHints":{"allow":["GET"]}}],"collection":[{"href":"https:\/\/www.equitrend.nl\/de\/wp-json\/wp\/v2\/product"}],"about":[{"href":"https:\/\/www.equitrend.nl\/de\/wp-json\/wp\/v2\/types\/product"}],"wp:featuredmedia":[{"embeddable":true,"href":"https:\/\/www.equitrend.nl\/de\/wp-json\/wp\/v2\/media\/718"}],"wp:attachment":[{"href":"https:\/\/www.equitrend.nl\/de\/wp-json\/wp\/v2\/media?parent=2872"}],"wp:term":[{"taxonomy":"eigenschap","embeddable":true,"href":"https:\/\/www.equitrend.nl\/de\/wp-json\/wp\/v2\/eigenschap?post=2872"},{"taxonomy":"product-categorie","embeddable":true,"href":"https:\/\/www.equitrend.nl\/de\/wp-json\/wp\/v2\/product-categorie?post=2872"}],"curies":[{"name":"wp","href":"https:\/\/api.w.org\/{rel}","templated":true}]}}