{"id":2871,"date":"2018-06-08T09:04:02","date_gmt":"2018-06-08T07:04:02","guid":{"rendered":"https:\/\/www.equitrend.nl\/nieuw\/product\/bodemvlakker-flc-one\/"},"modified":"2018-06-08T09:04:02","modified_gmt":"2018-06-08T07:04:02","slug":"bodenflocke-flc-one","status":"publish","type":"product","link":"https:\/\/www.equitrend.nl\/de\/assortiment\/bodemvlakker-flc-one\/","title":{"rendered":"Reitbahnplaner FLC One"},"content":{"rendered":"<p>Dieser Reitbahnplaner ist auf unterschiedlichsten Hallen- und Platzb\u00f6den \u00e4u\u00dferst effektiv einzusetzen. Er wurde speziell f\u00fcr die Pflege und die Einebnung von Vlies-\/Geotextil- und Sandb\u00f6den entwickelt und ist in Arbeitsbreiten von 1,5 m bis 2,5 m lieferbar.<\/p>\n<p>Die Konstruktion dieses Reitbahnplaners ist so gut wie unverw\u00fcstlich und die Bedienung spielendleicht. Die Grundausr\u00fcstung des Reitbahnplaners hat eine Dreipunktaufnahme mit integrierter Nachlaufeinrichtung, in zwei Reihen angeordnete Eggenzinken und eine pendelnde Netzwalze. Diese Netzwalze hinterl\u00e4sst eine perfekt luftige obere Bodenschicht. Sie kann ggf. auch durch eine Farmflexwalze f\u00fcr st\u00e4rkeres Andr\u00fccken des Bodens ersetzt werden.<\/p>\n<div  class='avia-button-wrap av-3145a7-7a797808c5b6b8ab5029b5ac88274b2b-wrap avia-button-left  avia-builder-el-0  avia-builder-el-no-sibling'><a href='\/de\/product\/bodengleichmacher-flc\/?term=bodemvlakkers'  class='avia-button av-3145a7-7a797808c5b6b8ab5029b5ac88274b2b av-link-btn avia-icon_select-yes-left-icon avia-size-small avia-position-left avia-color-theme-color'   aria-label=\"Zur\u00fcck zur \u00dcbersicht\"><span class='avia_button_icon avia_button_icon_left avia-iconfont avia-font-entypo-fontello' data-av_icon='\ue811' data-av_iconfont='entypo-fontello' ><\/span><span class='avia_iconbox_title' >Zur\u00fcck zur \u00dcbersicht<\/span><\/a><\/div>","protected":false},"featured_media":662,"parent":0,"template":"","meta":{"_acf_changed":false,"_monsterinsights_skip_tracking":false,"_monsterinsights_sitenote_active":false,"_monsterinsights_sitenote_note":"","_monsterinsights_sitenote_category":0},"eigenschap":[],"product-categorie":[273],"class_list":["post-2871","product","type-product","status-publish","has-post-thumbnail","hentry","product-categorie-bodemvlakkers"],"acf":[],"_links":{"self":[{"href":"https:\/\/www.equitrend.nl\/de\/wp-json\/wp\/v2\/product\/2871","targetHints":{"allow":["GET"]}}],"collection":[{"href":"https:\/\/www.equitrend.nl\/de\/wp-json\/wp\/v2\/product"}],"about":[{"href":"https:\/\/www.equitrend.nl\/de\/wp-json\/wp\/v2\/types\/product"}],"wp:featuredmedia":[{"embeddable":true,"href":"https:\/\/www.equitrend.nl\/de\/wp-json\/wp\/v2\/media\/662"}],"wp:attachment":[{"href":"https:\/\/www.equitrend.nl\/de\/wp-json\/wp\/v2\/media?parent=2871"}],"wp:term":[{"taxonomy":"eigenschap","embeddable":true,"href":"https:\/\/www.equitrend.nl\/de\/wp-json\/wp\/v2\/eigenschap?post=2871"},{"taxonomy":"product-categorie","embeddable":true,"href":"https:\/\/www.equitrend.nl\/de\/wp-json\/wp\/v2\/product-categorie?post=2871"}],"curies":[{"name":"wp","href":"https:\/\/api.w.org\/{rel}","templated":true}]}}