{"id":2869,"date":"2018-04-13T07:40:09","date_gmt":"2018-04-13T05:40:09","guid":{"rendered":"https:\/\/www.equitrend.nl\/nieuw\/product\/equi-lizer-met-flc-vlakker\/"},"modified":"2025-03-06T15:20:48","modified_gmt":"2025-03-06T14:20:48","slug":"ausruster-mit-abflachungsvorrichtung","status":"publish","type":"product","link":"https:\/\/www.equitrend.nl\/de\/assortiment\/equi-lizer-met-flc-vlakker\/","title":{"rendered":"Equi-lizer mit FLC-Planierger\u00e4t"},"content":{"rendered":"<p>Ein gut gepflegter Reitboden macht viel (manuelle) Arbeit. Mit unserem Equi-lizer wird die Pflege viel einfacher. Dank der geringen Abmessungen dieses Reitbodenschwaders passt er bereits durch einen 1,25 m breiten Durchgang und ist sehr leicht zu handhaben. Dadurch ist er auch f\u00fcr Strecken wie Trainingsm\u00fchlen und Longierzirkel geeignet. Beim Equi-lizer mit FLC-Nivellierer ist ein zus\u00e4tzliches Gewicht an der Vorderseite angebracht, um ein Kippen zu verhindern.<\/p>","protected":false},"featured_media":3324,"parent":0,"template":"","meta":{"_acf_changed":false,"_monsterinsights_skip_tracking":false,"_monsterinsights_sitenote_active":false,"_monsterinsights_sitenote_note":"","_monsterinsights_sitenote_category":0},"eigenschap":[],"product-categorie":[273],"class_list":["post-2869","product","type-product","status-publish","has-post-thumbnail","hentry","product-categorie-bodemvlakkers"],"acf":[],"_links":{"self":[{"href":"https:\/\/www.equitrend.nl\/de\/wp-json\/wp\/v2\/product\/2869","targetHints":{"allow":["GET"]}}],"collection":[{"href":"https:\/\/www.equitrend.nl\/de\/wp-json\/wp\/v2\/product"}],"about":[{"href":"https:\/\/www.equitrend.nl\/de\/wp-json\/wp\/v2\/types\/product"}],"wp:featuredmedia":[{"embeddable":true,"href":"https:\/\/www.equitrend.nl\/de\/wp-json\/wp\/v2\/media\/3324"}],"wp:attachment":[{"href":"https:\/\/www.equitrend.nl\/de\/wp-json\/wp\/v2\/media?parent=2869"}],"wp:term":[{"taxonomy":"eigenschap","embeddable":true,"href":"https:\/\/www.equitrend.nl\/de\/wp-json\/wp\/v2\/eigenschap?post=2869"},{"taxonomy":"product-categorie","embeddable":true,"href":"https:\/\/www.equitrend.nl\/de\/wp-json\/wp\/v2\/product-categorie?post=2869"}],"curies":[{"name":"wp","href":"https:\/\/api.w.org\/{rel}","templated":true}]}}