{"id":2865,"date":"2018-02-06T13:42:39","date_gmt":"2018-02-06T12:42:39","guid":{"rendered":"https:\/\/www.equitrend.nl\/nieuw\/product\/wasarm\/"},"modified":"2018-02-06T13:42:39","modified_gmt":"2018-02-06T12:42:39","slug":"wascharm","status":"publish","type":"product","link":"https:\/\/www.equitrend.nl\/de\/assortiment\/wasarm\/","title":{"rendered":"Duscharm"},"content":{"rendered":"<p>Zum Waschen Ihrer Pferde und Ponys haben wir jetzt die komplette Pferdedusche. Diese Pferdedusche, auch Wascharm genannt, wird mit einem hochwertigen Schlauch, einer Spritzpistole und Befestigungsmaterial zur Montage an der Wand Ihres Waschplatzes geliefert.<\/p>\n<p>Der Wascharm ist drehbar, misst 120 - 230 cm und ist in der L\u00e4nge ausziehbar. Die D\u00fcse ist von Spr\u00fchnebel bis Vollstrahl einstellbar. Die Pferdedusche wird mit einem 7 Meter langen Schlauch von guter Qualit\u00e4t geliefert. Alle Metallteile sind verzinkt und garantieren eine lange Lebensdauer. Im Lieferumfang sind Schrauben und D\u00fcbel f\u00fcr eine stabile Wandmontage enthalten.<\/p>\n<p>Schwenkarm und Wandbefestigungsplatte sind vollst\u00e4ndig feuerverzinkt und gew\u00e4hrleisten eine lange Lebensdauer.<\/p>","protected":false},"featured_media":706,"parent":0,"template":"","meta":{"_acf_changed":false,"_monsterinsights_skip_tracking":false,"_monsterinsights_sitenote_active":false,"_monsterinsights_sitenote_note":"","_monsterinsights_sitenote_category":0},"eigenschap":[],"product-categorie":[281],"class_list":["post-2865","product","type-product","status-publish","has-post-thumbnail","hentry","product-categorie-stal"],"acf":[],"_links":{"self":[{"href":"https:\/\/www.equitrend.nl\/de\/wp-json\/wp\/v2\/product\/2865","targetHints":{"allow":["GET"]}}],"collection":[{"href":"https:\/\/www.equitrend.nl\/de\/wp-json\/wp\/v2\/product"}],"about":[{"href":"https:\/\/www.equitrend.nl\/de\/wp-json\/wp\/v2\/types\/product"}],"wp:featuredmedia":[{"embeddable":true,"href":"https:\/\/www.equitrend.nl\/de\/wp-json\/wp\/v2\/media\/706"}],"wp:attachment":[{"href":"https:\/\/www.equitrend.nl\/de\/wp-json\/wp\/v2\/media?parent=2865"}],"wp:term":[{"taxonomy":"eigenschap","embeddable":true,"href":"https:\/\/www.equitrend.nl\/de\/wp-json\/wp\/v2\/eigenschap?post=2865"},{"taxonomy":"product-categorie","embeddable":true,"href":"https:\/\/www.equitrend.nl\/de\/wp-json\/wp\/v2\/product-categorie?post=2865"}],"curies":[{"name":"wp","href":"https:\/\/api.w.org\/{rel}","templated":true}]}}