{"id":2863,"date":"2017-12-22T15:28:33","date_gmt":"2017-12-22T14:28:33","guid":{"rendered":"https:\/\/www.equitrend.nl\/nieuw\/product\/solarium-control-box-basis\/"},"modified":"2026-01-28T09:34:48","modified_gmt":"2026-01-28T08:34:48","slug":"sockel-des-solarium-kontrollkastens","status":"publish","type":"product","link":"https:\/\/www.equitrend.nl\/de\/assortiment\/solarium-control-box-basis\/","title":{"rendered":"Solarium-Steuerger\u00e4t Basis"},"content":{"rendered":"<p>Ein Steuerungskasten mit einem Hauptschalter, f\u00fcr jeden Typ Solarium geeignet, einfach zu bedienen und problemlos anzuschlie\u00dfen. Der Kasten wird inklusive 10 m Netzkabel mit Spezialstecker geliefert.<\/p>","protected":false},"featured_media":3429,"parent":0,"template":"","meta":{"_acf_changed":false,"_monsterinsights_skip_tracking":false,"_monsterinsights_sitenote_active":false,"_monsterinsights_sitenote_note":"","_monsterinsights_sitenote_category":0},"eigenschap":[],"product-categorie":[524],"class_list":["post-2863","product","type-product","status-publish","has-post-thumbnail","hentry","product-categorie-toebehoren-solarium"],"acf":[],"_links":{"self":[{"href":"https:\/\/www.equitrend.nl\/de\/wp-json\/wp\/v2\/product\/2863","targetHints":{"allow":["GET"]}}],"collection":[{"href":"https:\/\/www.equitrend.nl\/de\/wp-json\/wp\/v2\/product"}],"about":[{"href":"https:\/\/www.equitrend.nl\/de\/wp-json\/wp\/v2\/types\/product"}],"wp:featuredmedia":[{"embeddable":true,"href":"https:\/\/www.equitrend.nl\/de\/wp-json\/wp\/v2\/media\/3429"}],"wp:attachment":[{"href":"https:\/\/www.equitrend.nl\/de\/wp-json\/wp\/v2\/media?parent=2863"}],"wp:term":[{"taxonomy":"eigenschap","embeddable":true,"href":"https:\/\/www.equitrend.nl\/de\/wp-json\/wp\/v2\/eigenschap?post=2863"},{"taxonomy":"product-categorie","embeddable":true,"href":"https:\/\/www.equitrend.nl\/de\/wp-json\/wp\/v2\/product-categorie?post=2863"}],"curies":[{"name":"wp","href":"https:\/\/api.w.org\/{rel}","templated":true}]}}