{"id":2862,"date":"2017-12-22T15:28:12","date_gmt":"2017-12-22T14:28:12","guid":{"rendered":"https:\/\/www.equitrend.nl\/nieuw\/product\/solarium-control-box-standard\/"},"modified":"2026-01-28T09:35:35","modified_gmt":"2026-01-28T08:35:35","slug":"solarium-control-box-standard","status":"publish","type":"product","link":"https:\/\/www.equitrend.nl\/de\/assortiment\/solarium-control-box-standard\/","title":{"rendered":"Solarium-Steuerger\u00e4t Standard"},"content":{"rendered":"<p>Dieser Steuerungskasten ist mit einer internen Zeitschaltuhr ausgestattet, die einfach an der Au\u00dfenseite eingestellt werden kann. Zudem hat das Steuerungsger\u00e4t einen Ein\/Aus-Schalter mit Beleuchtung und eine Standardwahltaste f\u00fcr manuelle oder automatische Bedienung. Optional sind ein Schalter f\u00fcr zus\u00e4tzliche Beleuchtung und die Liftinstallation in den Steuerungskasten integriert. Das Ger\u00e4t wird inklusive 10 m Kabel mit Spezialstecker geliefert.<\/p>","protected":false},"featured_media":3431,"parent":0,"template":"","meta":{"_acf_changed":false,"_monsterinsights_skip_tracking":false,"_monsterinsights_sitenote_active":false,"_monsterinsights_sitenote_note":"","_monsterinsights_sitenote_category":0},"eigenschap":[],"product-categorie":[524],"class_list":["post-2862","product","type-product","status-publish","has-post-thumbnail","hentry","product-categorie-toebehoren-solarium"],"acf":[],"_links":{"self":[{"href":"https:\/\/www.equitrend.nl\/de\/wp-json\/wp\/v2\/product\/2862","targetHints":{"allow":["GET"]}}],"collection":[{"href":"https:\/\/www.equitrend.nl\/de\/wp-json\/wp\/v2\/product"}],"about":[{"href":"https:\/\/www.equitrend.nl\/de\/wp-json\/wp\/v2\/types\/product"}],"wp:featuredmedia":[{"embeddable":true,"href":"https:\/\/www.equitrend.nl\/de\/wp-json\/wp\/v2\/media\/3431"}],"wp:attachment":[{"href":"https:\/\/www.equitrend.nl\/de\/wp-json\/wp\/v2\/media?parent=2862"}],"wp:term":[{"taxonomy":"eigenschap","embeddable":true,"href":"https:\/\/www.equitrend.nl\/de\/wp-json\/wp\/v2\/eigenschap?post=2862"},{"taxonomy":"product-categorie","embeddable":true,"href":"https:\/\/www.equitrend.nl\/de\/wp-json\/wp\/v2\/product-categorie?post=2862"}],"curies":[{"name":"wp","href":"https:\/\/api.w.org\/{rel}","templated":true}]}}