{"id":2861,"date":"2017-12-22T15:27:50","date_gmt":"2017-12-22T14:27:50","guid":{"rendered":"https:\/\/www.equitrend.nl\/nieuw\/product\/solarium-control-box-draai-timer\/"},"modified":"2026-01-28T09:35:10","modified_gmt":"2026-01-28T08:35:10","slug":"solarium-schaltkasten-zeitschaltuhr","status":"publish","type":"product","link":"https:\/\/www.equitrend.nl\/de\/assortiment\/solarium-control-box-draai-timer\/","title":{"rendered":"Zeitschaltuhr f\u00fcr Solarium-Steuerger\u00e4t"},"content":{"rendered":"<p>Drehzeitschaltuhr (21-5-80-10000) f\u00fcr das Solarium-Steuerger\u00e4t. Mechanische Zeitschaltuhr f\u00fcr Solarien: 60 Minuten f\u00fcr Infrarot und 1 Schalter f\u00fcr Wahlm\u00f6glichkeit. 230 V\/16 A, inklusive 2 m Kabel mit untrennbar mit dem Kabel verbundenen Stecker sowie 10 m Stromkabel mit sechspoligem Stecker.<\/p>","protected":false},"featured_media":3429,"parent":0,"template":"","meta":{"_acf_changed":false,"_monsterinsights_skip_tracking":false,"_monsterinsights_sitenote_active":false,"_monsterinsights_sitenote_note":"","_monsterinsights_sitenote_category":0},"eigenschap":[],"product-categorie":[524],"class_list":["post-2861","product","type-product","status-publish","has-post-thumbnail","hentry","product-categorie-toebehoren-solarium"],"acf":[],"_links":{"self":[{"href":"https:\/\/www.equitrend.nl\/de\/wp-json\/wp\/v2\/product\/2861","targetHints":{"allow":["GET"]}}],"collection":[{"href":"https:\/\/www.equitrend.nl\/de\/wp-json\/wp\/v2\/product"}],"about":[{"href":"https:\/\/www.equitrend.nl\/de\/wp-json\/wp\/v2\/types\/product"}],"wp:featuredmedia":[{"embeddable":true,"href":"https:\/\/www.equitrend.nl\/de\/wp-json\/wp\/v2\/media\/3429"}],"wp:attachment":[{"href":"https:\/\/www.equitrend.nl\/de\/wp-json\/wp\/v2\/media?parent=2861"}],"wp:term":[{"taxonomy":"eigenschap","embeddable":true,"href":"https:\/\/www.equitrend.nl\/de\/wp-json\/wp\/v2\/eigenschap?post=2861"},{"taxonomy":"product-categorie","embeddable":true,"href":"https:\/\/www.equitrend.nl\/de\/wp-json\/wp\/v2\/product-categorie?post=2861"}],"curies":[{"name":"wp","href":"https:\/\/api.w.org\/{rel}","templated":true}]}}