{"id":2859,"date":"2017-12-22T15:26:31","date_gmt":"2017-12-22T14:26:31","guid":{"rendered":"https:\/\/www.equitrend.nl\/nieuw\/product\/elektrische-lift\/"},"modified":"2026-01-28T09:33:25","modified_gmt":"2026-01-28T08:33:25","slug":"elektrischer-aufzug","status":"publish","type":"product","link":"https:\/\/www.equitrend.nl\/de\/assortiment\/elektrische-lift\/","title":{"rendered":"Elektrischer Lift"},"content":{"rendered":"<p>Wir bieten drei verschiedene Modelle von elektrischen Liftsystemen an. Dies ist ideal, wenn es in den St\u00e4llen unterschiedliche Schulterh\u00f6hen gibt. Der Lift kann auch verwendet werden, um das Solarium auf eine bestimmte H\u00f6he anzuheben, so dass das Pferd problemlos darunter durchlaufen kann. Die maximale Hubh\u00f6he betr\u00e4gt 1,5 m. Die maximal zul\u00e4ssige Last betr\u00e4gt 30\/40\/60 kg.<\/p>\n<p>Wird mitgeliefert:<\/p>\n<ul>\n<li>Klare Betriebsanleitung<\/li>\n<li>Befestigungsmaterial f\u00fcr die Decke.<\/li>\n<li>Aufputz-Steuerschalter mit Netzkabel 230V 50Hz<\/li>\n<li>10 Meter langes Kabel mit Stecker<\/li>\n<li>Befestigungsset f\u00fcr das Solarium<\/li>\n<\/ul>","protected":false},"featured_media":3424,"parent":0,"template":"","meta":{"_acf_changed":false,"_monsterinsights_skip_tracking":false,"_monsterinsights_sitenote_active":false,"_monsterinsights_sitenote_note":"","_monsterinsights_sitenote_category":0},"eigenschap":[9],"product-categorie":[524],"class_list":["post-2859","product","type-product","status-publish","has-post-thumbnail","hentry","eigenschap-elektrisch","product-categorie-toebehoren-solarium"],"acf":[],"_links":{"self":[{"href":"https:\/\/www.equitrend.nl\/de\/wp-json\/wp\/v2\/product\/2859","targetHints":{"allow":["GET"]}}],"collection":[{"href":"https:\/\/www.equitrend.nl\/de\/wp-json\/wp\/v2\/product"}],"about":[{"href":"https:\/\/www.equitrend.nl\/de\/wp-json\/wp\/v2\/types\/product"}],"wp:featuredmedia":[{"embeddable":true,"href":"https:\/\/www.equitrend.nl\/de\/wp-json\/wp\/v2\/media\/3424"}],"wp:attachment":[{"href":"https:\/\/www.equitrend.nl\/de\/wp-json\/wp\/v2\/media?parent=2859"}],"wp:term":[{"taxonomy":"eigenschap","embeddable":true,"href":"https:\/\/www.equitrend.nl\/de\/wp-json\/wp\/v2\/eigenschap?post=2859"},{"taxonomy":"product-categorie","embeddable":true,"href":"https:\/\/www.equitrend.nl\/de\/wp-json\/wp\/v2\/product-categorie?post=2859"}],"curies":[{"name":"wp","href":"https:\/\/api.w.org\/{rel}","templated":true}]}}