{"id":2857,"date":"2017-12-22T15:25:02","date_gmt":"2017-12-22T14:25:02","guid":{"rendered":"https:\/\/www.equitrend.nl\/nieuw\/product\/infrarood-lamp\/"},"modified":"2026-01-28T09:33:53","modified_gmt":"2026-01-28T08:33:53","slug":"infrarotlampe","status":"publish","type":"product","link":"https:\/\/www.equitrend.nl\/de\/assortiment\/infrarood-lamp\/","title":{"rendered":"Infrarot-Lampe"},"content":{"rendered":"<p>Hocheffiziente Infrarotlampe mit extra langer Lebensdauer in verschiedenen Wattst\u00e4rken. Diese Lampen haben einen um durchschnittlich 12 Grad Celsius h\u00f6heren Wirkungsgrad als normale IR-Lampen. Die Lebensdauer dieser Lampen betr\u00e4gt ca. 5000 Brennstunden.<\/p>","protected":false},"featured_media":3425,"parent":0,"template":"","meta":{"_acf_changed":false,"_monsterinsights_skip_tracking":false,"_monsterinsights_sitenote_active":false,"_monsterinsights_sitenote_note":"","_monsterinsights_sitenote_category":0},"eigenschap":[],"product-categorie":[524],"class_list":["post-2857","product","type-product","status-publish","has-post-thumbnail","hentry","product-categorie-toebehoren-solarium"],"acf":[],"_links":{"self":[{"href":"https:\/\/www.equitrend.nl\/de\/wp-json\/wp\/v2\/product\/2857","targetHints":{"allow":["GET"]}}],"collection":[{"href":"https:\/\/www.equitrend.nl\/de\/wp-json\/wp\/v2\/product"}],"about":[{"href":"https:\/\/www.equitrend.nl\/de\/wp-json\/wp\/v2\/types\/product"}],"wp:featuredmedia":[{"embeddable":true,"href":"https:\/\/www.equitrend.nl\/de\/wp-json\/wp\/v2\/media\/3425"}],"wp:attachment":[{"href":"https:\/\/www.equitrend.nl\/de\/wp-json\/wp\/v2\/media?parent=2857"}],"wp:term":[{"taxonomy":"eigenschap","embeddable":true,"href":"https:\/\/www.equitrend.nl\/de\/wp-json\/wp\/v2\/eigenschap?post=2857"},{"taxonomy":"product-categorie","embeddable":true,"href":"https:\/\/www.equitrend.nl\/de\/wp-json\/wp\/v2\/product-categorie?post=2857"}],"curies":[{"name":"wp","href":"https:\/\/api.w.org\/{rel}","templated":true}]}}