{"id":2855,"date":"2017-12-22T15:00:01","date_gmt":"2017-12-22T14:00:01","guid":{"rendered":"https:\/\/www.equitrend.nl\/nieuw\/product\/mercurr\/"},"modified":"2026-02-04T09:36:04","modified_gmt":"2026-02-04T08:36:04","slug":"merkur","status":"publish","type":"product","link":"https:\/\/www.equitrend.nl\/de\/assortiment\/mercurr\/","title":{"rendered":"Merkur-Pferdesolarium"},"content":{"rendered":"<p>Dieses Modell aus schlagfestem, hitzebest\u00e4ndigem Kunststoff hat eine runde Aussparung am Hals des Pferdes und eignet sich sehr gut f\u00fcr Situationen, in denen weniger Platz zur Verf\u00fcgung steht. Seine kompakte Bauweise macht ihn ideal f\u00fcr den Putz- und Waschplatz. Die Kombination aus Lampen und Ventilatoren erzeugt eine angenehme W\u00e4rmedecke \u00fcber Ihrem Pferd.<\/p>\n<ul>\n<li>Fase f\u00fcr Pferdeh\u00e4lse<\/li>\n<li>Sto\u00dffestes Geh\u00e4use<\/li>\n<li>Abgerundete Kanten<\/li>\n<li>Ausgezeichnete W\u00e4rmeverteilung<\/li>\n<li>Ideal in Wasch- und Polierbereichen<\/li>\n<li>Automatische Ventilatoren<\/li>\n<li>CE-Kennzeichnung<\/li>\n<\/ul>","protected":false},"featured_media":3421,"parent":0,"template":"","meta":{"_acf_changed":false,"_monsterinsights_skip_tracking":false,"_monsterinsights_sitenote_active":false,"_monsterinsights_sitenote_note":"","_monsterinsights_sitenote_category":0},"eigenschap":[],"product-categorie":[456],"class_list":["post-2855","product","type-product","status-publish","has-post-thumbnail","hentry","product-categorie-solariums"],"acf":[],"_links":{"self":[{"href":"https:\/\/www.equitrend.nl\/de\/wp-json\/wp\/v2\/product\/2855","targetHints":{"allow":["GET"]}}],"collection":[{"href":"https:\/\/www.equitrend.nl\/de\/wp-json\/wp\/v2\/product"}],"about":[{"href":"https:\/\/www.equitrend.nl\/de\/wp-json\/wp\/v2\/types\/product"}],"wp:featuredmedia":[{"embeddable":true,"href":"https:\/\/www.equitrend.nl\/de\/wp-json\/wp\/v2\/media\/3421"}],"wp:attachment":[{"href":"https:\/\/www.equitrend.nl\/de\/wp-json\/wp\/v2\/media?parent=2855"}],"wp:term":[{"taxonomy":"eigenschap","embeddable":true,"href":"https:\/\/www.equitrend.nl\/de\/wp-json\/wp\/v2\/eigenschap?post=2855"},{"taxonomy":"product-categorie","embeddable":true,"href":"https:\/\/www.equitrend.nl\/de\/wp-json\/wp\/v2\/product-categorie?post=2855"}],"curies":[{"name":"wp","href":"https:\/\/api.w.org\/{rel}","templated":true}]}}