{"id":2853,"date":"2017-12-22T14:59:48","date_gmt":"2017-12-22T13:59:48","guid":{"rendered":"https:\/\/www.equitrend.nl\/nieuw\/product\/maxuss-pro-edition\/"},"modified":"2026-01-12T09:34:15","modified_gmt":"2026-01-12T08:34:15","slug":"maxuss-pro-edition","status":"publish","type":"product","link":"https:\/\/www.equitrend.nl\/de\/assortiment\/maxuss-pro-edition\/","title":{"rendered":"MaXuSS Pro Ausgabe"},"content":{"rendered":"<p>Das MaXuSS-Solarium ist mit zus\u00e4tzlichen Seitenmodulen ausgestattet. 6 Module, jeweils mit 2 zus\u00e4tzlichen Lampen und 1 L\u00fcfter, sind auf der Au\u00dfenseite des Solariums platziert. Insgesamt kann eine zus\u00e4tzliche Leistung zwischen 1200 und 3000 Watt Infrarot platziert werden.<\/p>\n<p>Das Solarium ist nur mit abgerundeten Kanten versehen, so dass keine Verletzungsgefahr f\u00fcr Ihr Pferd besteht. Die Lampen sind h\u00f6her als die Oberfl\u00e4che des Solariums angebracht, wodurch die Gefahr des Kontakts mit den hei\u00dfen IR-Lampen minimiert wird. Durch die Verwendung eines hitzebest\u00e4ndigen Kunststoffs, die Unterbringung der Lampen in Aluminiumfassungen und die Wiederverwendung der Restw\u00e4rme kann eine sehr hohe Effizienz erreicht werden.<\/p>","protected":false},"featured_media":636,"parent":0,"template":"","meta":{"_acf_changed":false,"_monsterinsights_skip_tracking":false,"_monsterinsights_sitenote_active":false,"_monsterinsights_sitenote_note":"","_monsterinsights_sitenote_category":0},"eigenschap":[],"product-categorie":[456],"class_list":["post-2853","product","type-product","status-publish","has-post-thumbnail","hentry","product-categorie-solariums"],"acf":[],"_links":{"self":[{"href":"https:\/\/www.equitrend.nl\/de\/wp-json\/wp\/v2\/product\/2853","targetHints":{"allow":["GET"]}}],"collection":[{"href":"https:\/\/www.equitrend.nl\/de\/wp-json\/wp\/v2\/product"}],"about":[{"href":"https:\/\/www.equitrend.nl\/de\/wp-json\/wp\/v2\/types\/product"}],"wp:featuredmedia":[{"embeddable":true,"href":"https:\/\/www.equitrend.nl\/de\/wp-json\/wp\/v2\/media\/636"}],"wp:attachment":[{"href":"https:\/\/www.equitrend.nl\/de\/wp-json\/wp\/v2\/media?parent=2853"}],"wp:term":[{"taxonomy":"eigenschap","embeddable":true,"href":"https:\/\/www.equitrend.nl\/de\/wp-json\/wp\/v2\/eigenschap?post=2853"},{"taxonomy":"product-categorie","embeddable":true,"href":"https:\/\/www.equitrend.nl\/de\/wp-json\/wp\/v2\/product-categorie?post=2853"}],"curies":[{"name":"wp","href":"https:\/\/api.w.org\/{rel}","templated":true}]}}