{"id":2852,"date":"2017-12-22T14:59:26","date_gmt":"2017-12-22T13:59:26","guid":{"rendered":"https:\/\/www.equitrend.nl\/nieuw\/product\/maxuss-standard\/"},"modified":"2026-01-12T09:34:28","modified_gmt":"2026-01-12T08:34:28","slug":"maxuss-standard","status":"publish","type":"product","link":"https:\/\/www.equitrend.nl\/de\/assortiment\/maxuss-standard\/","title":{"rendered":"MaXuSS Standard"},"content":{"rendered":"<p>Der sch\u00f6n verarbeitete K\u00f6rper aus zweifarbigem, hitzebest\u00e4ndigem Kunststoff besteht aus 3 Teilen. Das Solarium folgt den Linien des Pferdes, so dass jede Muskelgruppe von den IR-Lampen korrekt beleuchtet wird. Der vordere und der hintere Teil k\u00f6nnen getrennt voneinander bewegt werden, so dass Sie immer die richtige Einstellung f\u00fcr Ihr Pferd vornehmen k\u00f6nnen.<\/p>\n<p>Das Solarium ist mit abgerundeten Kanten versehen, wodurch die Verletzungsgefahr f\u00fcr Ihr Pferd ausgeschlossen wird. Die Lampen sind h\u00f6her angebracht als die unteren Fl\u00e4chen des Solariums, wodurch die Gefahr des Kontakts mit den hei\u00dfen IR-Lampen minimiert wird. Durch die Verwendung eines hitzebest\u00e4ndigen Kunststoffs, die Platzierung der Lampen in Aluminiumfassungen und die Wiederverwendung der Restw\u00e4rme kann eine sehr hohe Effizienz erreicht werden.<\/p>\n<ul>\n<li>Elegantes Design<\/li>\n<li>Leichte Konstruktion<\/li>\n<li>Flexible Einstellung der Form<\/li>\n<li>H\u00f6here Heizleistung<\/li>\n<li>Schlagfester Kunststoff<\/li>\n<li>Spritzwassergesch\u00fctzt<\/li>\n<li>CE-Kennzeichnung<\/li>\n<\/ul>","protected":false},"featured_media":3415,"parent":0,"template":"","meta":{"_acf_changed":false,"_monsterinsights_skip_tracking":false,"_monsterinsights_sitenote_active":false,"_monsterinsights_sitenote_note":"","_monsterinsights_sitenote_category":0},"eigenschap":[],"product-categorie":[456],"class_list":["post-2852","product","type-product","status-publish","has-post-thumbnail","hentry","product-categorie-solariums"],"acf":[],"_links":{"self":[{"href":"https:\/\/www.equitrend.nl\/de\/wp-json\/wp\/v2\/product\/2852","targetHints":{"allow":["GET"]}}],"collection":[{"href":"https:\/\/www.equitrend.nl\/de\/wp-json\/wp\/v2\/product"}],"about":[{"href":"https:\/\/www.equitrend.nl\/de\/wp-json\/wp\/v2\/types\/product"}],"wp:featuredmedia":[{"embeddable":true,"href":"https:\/\/www.equitrend.nl\/de\/wp-json\/wp\/v2\/media\/3415"}],"wp:attachment":[{"href":"https:\/\/www.equitrend.nl\/de\/wp-json\/wp\/v2\/media?parent=2852"}],"wp:term":[{"taxonomy":"eigenschap","embeddable":true,"href":"https:\/\/www.equitrend.nl\/de\/wp-json\/wp\/v2\/eigenschap?post=2852"},{"taxonomy":"product-categorie","embeddable":true,"href":"https:\/\/www.equitrend.nl\/de\/wp-json\/wp\/v2\/product-categorie?post=2852"}],"curies":[{"name":"wp","href":"https:\/\/api.w.org\/{rel}","templated":true}]}}