{"id":2850,"date":"2017-12-21T15:45:33","date_gmt":"2017-12-21T14:45:33","guid":{"rendered":"https:\/\/www.equitrend.nl\/nieuw\/product\/cyro-horse-koeler\/"},"modified":"2026-02-02T09:23:11","modified_gmt":"2026-02-02T08:23:11","slug":"cyro-pferdekuhler","status":"publish","type":"product","link":"https:\/\/www.equitrend.nl\/de\/assortiment\/cyro-horse-koeler\/","title":{"rendered":"Cyro-Horse K\u00fchlbox"},"content":{"rendered":"<p>Cryo-Horse \u201cThe next Generation\u201d ist ein K\u00fchlger\u00e4t zur Behandlung aller Arten von Entz\u00fcndungen und Schwellungen, ohne wertvolle Zeit zu verlieren. Es verbraucht kein Eis oder Gas, sondern nur Strom. Dank der kontrollierbaren Temperatur in den K\u00fchlpads gibt es auch keine eiskalten Wunden, und es ist nicht n\u00f6tig, ein Tuch zwischen das K\u00fchlpad und das zu behandelnde Trauma zu legen. Tests an der Universit\u00e4t zeigten, dass die Entz\u00fcndungswerte im Blut 14-mal schneller sanken als bei der gleichen Behandlung mit Eis oder K\u00e4ltepackungen. Au\u00dferdem drang die K\u00e4lte 3 cm tief in das Gewebe ein, und nach 15 Minuten herrschte in dieser Tiefe ein Temperaturunterschied von 10 \u00b0C, w\u00e4hrend die K\u00e4lte von Eis nur 4 mm tief eindrang.<\/p>\n<p>Die beste vorbeugende Behandlung gegen Entz\u00fcndungen und super f\u00fcr Sehnen, Hufe, Schwellungen und \u00dcberlastung.<\/p>\n<p class=\"taller\">Durch intensive, einstellbare K\u00fchlung hilft Cryo-Horse Ihnen dabei:<\/p>\n<ul>\n<li><i class=\"icon icon-check-circle\"><\/i>Behandlung von akuten Sehnenentz\u00fcndungen oder anderen Entz\u00fcndungen<\/li>\n<li><i class=\"icon icon-check-circle\"><\/i>Entstauende Gelenke und quietschende Fersen<i class=\"icon icon-check-circle\"><\/i><\/li>\n<li>Senkung der Entz\u00fcndungswerte im Blut<\/li>\n<li><i class=\"icon icon-check-circle\"><\/i>Behandlung von R\u00fcckenproblemen<\/li>\n<li><i class=\"icon icon-check-circle\"><\/i>Behandlung der Eierst\u00f6cke von Stuten mit Fruchtbarkeitsst\u00f6rungen<\/li>\n<\/ul>\n<p>Wie jeder wei\u00df, wird ein Trauma am wirksamsten durch K\u00fchlung der verletzten Stelle behandelt.<\/p>\n<p><strong>Warum ist es am besten, diese Art der Behandlung zu w\u00e4hlen?<\/strong><br \/>\nIn erster Linie geht es darum, die Schwellung des Gewebes, die durch die Ansammlung von \u00d6demen entsteht, zu unterdr\u00fccken und weitere Verletzungen zu verhindern.<br \/>\nZweitens, um die Entstehung von Entz\u00fcndungen zu verhindern, die automatisch auf ein Trauma folgen.<br \/>\nDrittens, um den CRP-Spiegel (C-reaktives Protein) im Blut zu senken.<\/p>\n<p><strong>Was ist C-reaktives Protein?<\/strong><br \/>\nC-reaktives Protein (CRP) ist ein Akutphasenreagens, das vom K\u00f6rper als Reaktion auf ein akutes Trauma, eine Entz\u00fcndung oder andere Entz\u00fcndungsquellen gebildet wird.<br \/>\nViertens, um den Schmerz zu lindern und Sie zu entspannen.<br \/>\nUnd schlie\u00dflich, um eine bessere Durchblutung zu gew\u00e4hrleisten, so dass der K\u00f6rper die M\u00f6glichkeit hat, Giftstoffe schneller auszuscheiden.<\/p>\n<p><strong>Das Cryo-Horse erreicht all dies durch die intensive K\u00fchlung, die es bewirkt.<\/strong><br \/>\nTests und Versuche haben bewiesen, dass diese Art der Anwendung den CRP-Wert um 150% senkt, Schwellungen (Wundfl\u00fcssigkeit) in 3 Tagen oder schneller verschwinden l\u00e4sst, die Rehabilitation stark beschleunigt und Entz\u00fcndungen entweder vermeidet oder sehr schnell zum Stillstand bringt, und dies ohne zus\u00e4tzliche Entz\u00fcndungshemmer. Die K\u00fchlung der Sehnen tr\u00e4gt wesentlich zur Beschleunigung des Heilungsprozesses bei.<\/p>\n<ul>\n<li><i class=\"icon icon-check-circle\"><\/i>Die K\u00fchlpads k\u00f6nnen direkt auf die Haut aufgelegt werden, keine Gefahr von Erfrierungen!<\/li>\n<li><i class=\"icon icon-check-circle\"><\/i>Die intensive, einstellbare K\u00fchlung wirkt bis zu 10 Mal tiefer als herk\u00f6mmliche K\u00fchlmethoden!<\/li>\n<li><i class=\"icon icon-check-circle\"><\/i>Die intensiv einstellbare K\u00fchlung wirkt auch viel l\u00e4nger!<\/li>\n<\/ul>\n<h4>Das Cryo-Horse ist in 2 Varianten erh\u00e4ltlich:<i class=\"icon icon-check-circle\"><\/i><\/h4>\n<ul>\n<li><i class=\"icon icon-check-circle\"><\/i>Mit 2 K\u00fchlpads (mobil im Flightcase)<\/li>\n<li><i class=\"icon icon-check-circle\"><\/i>Mit 4 K\u00fchlpads geeignet f\u00fcr den Einbau in St\u00e4llen oder LKWs<\/li>\n<\/ul>\n<p>Auch f\u00fcr den menschlichen Sport erh\u00e4ltlich: CRYO-HUMAN.<br \/>\nAuch verf\u00fcgbar:\u00a0<a href=\"https:\/\/www.equitrend.nl\/de\/thermometer.html\/\">Infrarot-Thermometer.<\/a>\u00a0Damit k\u00f6nnen Entz\u00fcndungspunkte im Pferd lokalisiert werden.<\/p>","protected":false},"featured_media":672,"parent":0,"template":"","meta":{"_acf_changed":false,"_monsterinsights_skip_tracking":false,"_monsterinsights_sitenote_active":false,"_monsterinsights_sitenote_note":"","_monsterinsights_sitenote_category":0},"eigenschap":[],"product-categorie":[285],"class_list":["post-2850","product","type-product","status-publish","has-post-thumbnail","hentry","product-categorie-training"],"acf":[],"_links":{"self":[{"href":"https:\/\/www.equitrend.nl\/de\/wp-json\/wp\/v2\/product\/2850","targetHints":{"allow":["GET"]}}],"collection":[{"href":"https:\/\/www.equitrend.nl\/de\/wp-json\/wp\/v2\/product"}],"about":[{"href":"https:\/\/www.equitrend.nl\/de\/wp-json\/wp\/v2\/types\/product"}],"wp:featuredmedia":[{"embeddable":true,"href":"https:\/\/www.equitrend.nl\/de\/wp-json\/wp\/v2\/media\/672"}],"wp:attachment":[{"href":"https:\/\/www.equitrend.nl\/de\/wp-json\/wp\/v2\/media?parent=2850"}],"wp:term":[{"taxonomy":"eigenschap","embeddable":true,"href":"https:\/\/www.equitrend.nl\/de\/wp-json\/wp\/v2\/eigenschap?post=2850"},{"taxonomy":"product-categorie","embeddable":true,"href":"https:\/\/www.equitrend.nl\/de\/wp-json\/wp\/v2\/product-categorie?post=2850"}],"curies":[{"name":"wp","href":"https:\/\/api.w.org\/{rel}","templated":true}]}}