{"id":2847,"date":"2017-12-21T15:33:35","date_gmt":"2017-12-21T14:33:35","guid":{"rendered":"https:\/\/www.equitrend.nl\/nieuw\/product\/bodemvlakkers-flc\/"},"modified":"2025-02-26T10:55:28","modified_gmt":"2025-02-26T09:55:28","slug":"bodengleichmacher-flc","status":"publish","type":"product","link":"https:\/\/www.equitrend.nl\/de\/assortiment\/bodemvlakkers-flc\/","title":{"rendered":"Reitbahnplaner FLC"},"content":{"rendered":"<p>Der FLC-Reitbahnplaner ist vor allem f\u00fcr ein perfektes Einebnen von Reithallen- oder Reitplatzb\u00f6den geeignet. Die Zinken sind tiefenverstellbar und sorgen ggf. f\u00fcr eine Auflockerung des Bodens. Die dahinterliegende Gl\u00e4tteschiene ebnet den Boden. Die gebogene r\u00fcckw\u00e4rtige Platte dr\u00fcckt den Boden an. Die federnden Zinken rauen den Boden anschlie\u00dfend noch leicht auf.<\/p>\n<p><strong>Modelle<\/strong><br \/>\n- <a href=\"https:\/\/www.equitrend.nl\/de\/product\/bodenflocke-flc-one\/#tab-id-1\">Reitbahnplaner FLC One<\/a> (hinter dem Traktor - 1,5 bis 2 m Arbeitsbreite)<strong><br \/>\n<\/strong>- <a href=\"\/de\/product\/bottom-flaker-flc-duo\/\">Reitbahnplaner FLC Duo<\/a>\u00a0(hinter Traktor - 3m bis 6m Arbeitsbreite)<br \/>\n- <a href=\"\/de\/product\/bodemvlakker-flc-duplex\/\">Bodenausgleichsmaschine FLC Duplex<\/a> (hinter dem Traktor - 2,3 m Arbeitsbreite)<br \/>\n-\u00a0<a href=\"\/de\/product\/bodenflocker-flc-ahk-s\/\">Reitbahnplaner FLC AHK-S<\/a> (hinter Quad - 1,25m bis 1,45m Arbeitsbreite)<br \/>\n-\u00a0<a href=\"\/de\/product\/boden-flaker-flc-ahk-xl\/\">Reitbahnplaner FLC AHK-XL<\/a> (hinter Lader\/Schaufel - 1,5 bis 2 m Arbeitsbreite)<br \/>\n-\u00a0<a href=\"\/de\/product\/bodenflocke-flc-2in1\/#tab-id-1\">Reitbahnplaner FLC 2in1<\/a> (basierend auf Kioti ATV - 2m Arbeitsbreite)<\/p>","protected":false},"featured_media":662,"parent":0,"template":"","meta":{"_acf_changed":false,"_monsterinsights_skip_tracking":false,"_monsterinsights_sitenote_active":false,"_monsterinsights_sitenote_note":"","_monsterinsights_sitenote_category":0},"eigenschap":[],"product-categorie":[273,283],"class_list":["post-2847","product","type-product","status-publish","has-post-thumbnail","hentry","product-categorie-bodemvlakkers","product-categorie-uitgelicht"],"acf":[],"_links":{"self":[{"href":"https:\/\/www.equitrend.nl\/de\/wp-json\/wp\/v2\/product\/2847","targetHints":{"allow":["GET"]}}],"collection":[{"href":"https:\/\/www.equitrend.nl\/de\/wp-json\/wp\/v2\/product"}],"about":[{"href":"https:\/\/www.equitrend.nl\/de\/wp-json\/wp\/v2\/types\/product"}],"wp:featuredmedia":[{"embeddable":true,"href":"https:\/\/www.equitrend.nl\/de\/wp-json\/wp\/v2\/media\/662"}],"wp:attachment":[{"href":"https:\/\/www.equitrend.nl\/de\/wp-json\/wp\/v2\/media?parent=2847"}],"wp:term":[{"taxonomy":"eigenschap","embeddable":true,"href":"https:\/\/www.equitrend.nl\/de\/wp-json\/wp\/v2\/eigenschap?post=2847"},{"taxonomy":"product-categorie","embeddable":true,"href":"https:\/\/www.equitrend.nl\/de\/wp-json\/wp\/v2\/product-categorie?post=2847"}],"curies":[{"name":"wp","href":"https:\/\/api.w.org\/{rel}","templated":true}]}}