{"id":2846,"date":"2017-12-21T15:13:47","date_gmt":"2017-12-21T14:13:47","guid":{"rendered":"https:\/\/www.equitrend.nl\/nieuw\/product\/bodemvlakker-nl\/"},"modified":"2025-02-26T10:56:00","modified_gmt":"2025-02-26T09:56:00","slug":"bodenflocker-de","status":"publish","type":"product","link":"https:\/\/www.equitrend.nl\/de\/assortiment\/bodemvlakker-nl\/","title":{"rendered":"Reitbahnplaner"},"content":{"rendered":"<p>Dieser Reitbahnplaner verf\u00fcgt \u00fcber Spannfedern mit verstellbarer Arbeitstiefe, Andruckrolle und Nachlaufeinrichtung. Die Nachlaufeinrichtung sorgt daf\u00fcr, dass der Reitbahnplaner dem Traktor folgt und der Sand nicht in die Ecken gedr\u00fcckt wird.<\/p>\n<p><strong>Einstellbare Arbeitstiefe<\/strong><br \/>\nMithilfe der Reihe von Sprungfedern wird die oberste Schicht des Reitbahnbodens gut gelockert, anschlie\u00dfend wird der Boden durch die 2 Messer eingeebnet und von der dahinterliegenden Rolle angedr\u00fcckt. Die Spannfedern dieses Reitbahnplaners sind in der Arbeitstiefe verstellbar und somit auch f\u00fcr beispielsweise Vlies- oder Geotextilb\u00f6den ideal.<\/p>","protected":false},"featured_media":659,"parent":0,"template":"","meta":{"_acf_changed":false,"_monsterinsights_skip_tracking":false,"_monsterinsights_sitenote_active":false,"_monsterinsights_sitenote_note":"","_monsterinsights_sitenote_category":0},"eigenschap":[],"product-categorie":[273],"class_list":["post-2846","product","type-product","status-publish","has-post-thumbnail","hentry","product-categorie-bodemvlakkers"],"acf":[],"_links":{"self":[{"href":"https:\/\/www.equitrend.nl\/de\/wp-json\/wp\/v2\/product\/2846","targetHints":{"allow":["GET"]}}],"collection":[{"href":"https:\/\/www.equitrend.nl\/de\/wp-json\/wp\/v2\/product"}],"about":[{"href":"https:\/\/www.equitrend.nl\/de\/wp-json\/wp\/v2\/types\/product"}],"wp:featuredmedia":[{"embeddable":true,"href":"https:\/\/www.equitrend.nl\/de\/wp-json\/wp\/v2\/media\/659"}],"wp:attachment":[{"href":"https:\/\/www.equitrend.nl\/de\/wp-json\/wp\/v2\/media?parent=2846"}],"wp:term":[{"taxonomy":"eigenschap","embeddable":true,"href":"https:\/\/www.equitrend.nl\/de\/wp-json\/wp\/v2\/eigenschap?post=2846"},{"taxonomy":"product-categorie","embeddable":true,"href":"https:\/\/www.equitrend.nl\/de\/wp-json\/wp\/v2\/product-categorie?post=2846"}],"curies":[{"name":"wp","href":"https:\/\/api.w.org\/{rel}","templated":true}]}}