{"id":2844,"date":"2017-12-21T14:51:58","date_gmt":"2017-12-21T13:51:58","guid":{"rendered":"https:\/\/www.equitrend.nl\/nieuw\/product\/3-in-1-voerbak\/"},"modified":"2025-02-26T10:54:52","modified_gmt":"2025-02-26T09:54:52","slug":"3-in-1-futtertrog","status":"publish","type":"product","link":"https:\/\/www.equitrend.nl\/de\/assortiment\/3-in-1-voerbak\/","title":{"rendered":"3 in 1 Futtertrog"},"content":{"rendered":"<p>Dieser 3-in-1-Futterautomat besteht aus 3 F\u00e4chern, 2 f\u00fcr Kraftfutter, Salzblock oder Erg\u00e4nzungsfuttermittel und 1 gro\u00dfes Fach f\u00fcr etwa 15 kg Heu. Durch die F\u00fctterung auf diese Weise werden durchschnittlich 20% Heu eingespart. Die Tr\u00e4nke ist aus lebensmittelechtem Material hergestellt. Der Futterautomat hat abgerundete Ecken und keine scharfen Kanten. Die Verwendung in St\u00e4llen ist v\u00f6llig sicher. Dies ist ein Produkt der Marke Natural Feeding.<\/p>\n<p><strong>Langsame F\u00fctterung <\/strong><br \/>\nSlow Feeding; die nat\u00fcrliche Art der F\u00fctterung. Die nat\u00fcrliche Fresshaltung eines Pferdes ist 17 Stunden am Tag mit dem Kopf nach unten. Wenn wir unsere Pferde in St\u00e4llen unterbringen, k\u00f6nnen sie nicht grasen, also geben wir ihnen Heu. Die meisten Heuraufen, die wir kennen, h\u00e4ngen hoch an der Wand, so dass der Staub direkt in die N\u00fcstern des Pferdes f\u00e4llt. Auch die Verdauung funktioniert nicht richtig, und das kann zu Koliken f\u00fchren.<\/p>\n<p><strong>Kontinuierliche Essanreize<\/strong><br \/>\nWir haben uns angew\u00f6hnt, den Pferden morgens 2 Schilling Heu zu geben und abends noch einmal. Das Pferd frisst das schnell, dann muss es 10 Stunden warten, bis es die n\u00e4chste Mahlzeit bekommt. W\u00e4hrend dieser Zeit sendet das Gehirn des Pferdes st\u00e4ndig Fressreize.<\/p>\n<p><strong>Langsamer essen<\/strong><br \/>\nAm Anfang, wenn Sie den Natural Feeder verwenden, wird das Pferd den ganzen Feeder auffressen, wie wir es ihm beigebracht haben. Wenn dies geschieht, f\u00fcllen Sie ihn wieder vollst\u00e4ndig auf. Es wird sehr schnell merken, dass ihm st\u00e4ndig Heu zur Verf\u00fcgung steht, und es wird anfangen, diese 17 Stunden am Tag langsamer zu fressen. Das ist Slow Feeding!<\/p>","protected":false},"featured_media":652,"parent":0,"template":"","meta":{"_acf_changed":false,"_monsterinsights_skip_tracking":false,"_monsterinsights_sitenote_active":false,"_monsterinsights_sitenote_note":"","_monsterinsights_sitenote_category":0},"eigenschap":[],"product-categorie":[281],"class_list":["post-2844","product","type-product","status-publish","has-post-thumbnail","hentry","product-categorie-stal"],"acf":[],"_links":{"self":[{"href":"https:\/\/www.equitrend.nl\/de\/wp-json\/wp\/v2\/product\/2844","targetHints":{"allow":["GET"]}}],"collection":[{"href":"https:\/\/www.equitrend.nl\/de\/wp-json\/wp\/v2\/product"}],"about":[{"href":"https:\/\/www.equitrend.nl\/de\/wp-json\/wp\/v2\/types\/product"}],"wp:featuredmedia":[{"embeddable":true,"href":"https:\/\/www.equitrend.nl\/de\/wp-json\/wp\/v2\/media\/652"}],"wp:attachment":[{"href":"https:\/\/www.equitrend.nl\/de\/wp-json\/wp\/v2\/media?parent=2844"}],"wp:term":[{"taxonomy":"eigenschap","embeddable":true,"href":"https:\/\/www.equitrend.nl\/de\/wp-json\/wp\/v2\/eigenschap?post=2844"},{"taxonomy":"product-categorie","embeddable":true,"href":"https:\/\/www.equitrend.nl\/de\/wp-json\/wp\/v2\/product-categorie?post=2844"}],"curies":[{"name":"wp","href":"https:\/\/api.w.org\/{rel}","templated":true}]}}