{"id":2842,"date":"2017-12-21T14:41:35","date_gmt":"2017-12-21T13:41:35","guid":{"rendered":"https:\/\/www.equitrend.nl\/nieuw\/product\/paardensolarium\/"},"modified":"2026-01-12T09:36:24","modified_gmt":"2026-01-12T08:36:24","slug":"pferdesolarium","status":"publish","type":"product","link":"https:\/\/www.equitrend.nl\/de\/assortiment\/paardensolarium\/","title":{"rendered":"Pferde-Solarium"},"content":{"rendered":"<h3><strong>Pferdesolarium allgemein<\/strong><\/h3>\n<p>Equitrend hat ein vielf\u00e4ltiges Angebot an Pferdesolarien. Die speziell entwickelten Solarien entsprechen den h\u00f6chsten Qualit\u00e4tsanforderungen und werden nach den neuesten Standards gebaut. Die verwendeten Infrarotlampen sind von h\u00f6chster Qualit\u00e4t und haben den besten Wirkungsgrad.<\/p>\n<p>Nach anstrengenden \u00dcbungen erholt sich Ihr Pferd schneller, wenn Sie das Solarium benutzen. Dank der Infrarotstrahlen wird die Durchblutung der Muskeln verbessert, wodurch die Menge der Abfallprodukte in den Muskeln verringert und Verletzungen weniger wahrscheinlich werden. Die erzeugte Infrarotw\u00e4rme sorgt daf\u00fcr, dass der Blutzucker schneller von den Muskeln aufgenommen wird.<\/p>\n<h3>Die Solarien, die wir anbieten:<\/h3>\n<ul>\n<li style=\"list-style-type: none;\">\n<ul>\n<li><a href=\"https:\/\/www.equitrend.nl\/de\/product\/merkur\/\" target=\"_blank\" rel=\"noopener noreferrer\"><strong>MeRCuRR<\/strong><\/a><\/li>\n<li><a href=\"https:\/\/www.equitrend.nl\/de\/product\/maxuss-standard\/\" target=\"_blank\" rel=\"noopener noreferrer\"><strong>MaXuSS Standard<\/strong><\/a><\/li>\n<li><a href=\"https:\/\/www.equitrend.nl\/de\/product\/maxuss-pro-edition\/\" target=\"_blank\" rel=\"noopener noreferrer\"><strong>MaXuSS Pro Ausgabe<\/strong><\/a><\/li>\n<li><a href=\"https:\/\/www.equitrend.nl\/de\/product\/maxustherme\/\" target=\"_blank\" rel=\"noopener noreferrer\"><strong>MaXuSS Thera<\/strong><\/a><\/li>\n<\/ul>\n<\/li>\n<\/ul>\n<p><em>M\u00f6chten Sie die Solarien vergleichen? Dann gehen Sie zu \u2018Spezifikationen\u2019.<\/em><\/p>\n<h3>Pferdesolarium-Zubeh\u00f6r ist bei uns erh\u00e4ltlich:<\/h3>\n<ul>\n<li><a href=\"https:\/\/www.equitrend.nl\/de\/product\/sockel-des-solarium-kontrollkastens\/\" target=\"_blank\" rel=\"noopener noreferrer\"><strong>Solarium-Steuerger\u00e4t Basis<\/strong><\/a><\/li>\n<li><a href=\"https:\/\/www.equitrend.nl\/de\/product\/solarium-control-box-standard\/\" target=\"_blank\" rel=\"noopener noreferrer\"><strong>Solarium-Steuerger\u00e4t Standard<\/strong><\/a><\/li>\n<li><a href=\"https:\/\/www.equitrend.nl\/de\/product\/solarium-schaltkasten-zeitschaltuhr\/\" target=\"_blank\" rel=\"noopener noreferrer\"><b>Zeitschaltuhr f\u00fcr Solarium-Steuerger\u00e4t<\/b><\/a><\/li>\n<li><a href=\"https:\/\/www.equitrend.nl\/de\/product\/munzautomat-solcd\/\" target=\"_blank\" rel=\"noopener noreferrer\"><strong>ATM SOLCD<\/strong><\/a><\/li>\n<li><a href=\"https:\/\/www.equitrend.nl\/de\/product\/elektrischer-aufzug\/\" target=\"_blank\" rel=\"noopener\"><strong>Elektrischer Aufzug<\/strong><\/a><\/li>\n<li><a href=\"https:\/\/www.equitrend.nl\/de\/product\/solarium-eckwinkel\/\" target=\"_blank\" rel=\"noopener noreferrer\"><strong>Solarium-Winkelhalter<\/strong><\/a><\/li>\n<li><a href=\"https:\/\/www.equitrend.nl\/de\/product\/infrarotlampe\/\" target=\"_blank\" rel=\"noopener noreferrer\"><strong>Infrarot-Lampe<\/strong><\/a><\/li>\n<\/ul>\n<h3>IR-Lampe<\/h3>\n<p><strong>Warum hat unsere IR-Lampe eine l\u00e4ngere Lebenserwartung?<\/strong><br \/>\nDer Grund, warum andere Lampenmarken eine k\u00fcrzere Lebensdauer haben, ist, dass sie bei Dauerbetrieb die hohe Temperatur nicht mehr verkraften k\u00f6nnen. Die Lebensdauer unserer Lampen h\u00e4ngt von der Lebensdauer des Gl\u00fchfadens ab und kann mindestens 6 Monate hintereinander brennen, ohne zu zerbrechen, sofern das Glas nicht durch \u00e4u\u00dfere Einfl\u00fcsse bricht.<\/p>\n<p><strong>Warum hat unsere Lampe eine h\u00f6here Heizleistung?<\/strong><br \/>\nDas Vertrauen in die richtige Herstellungsmethode der Lampe hat dazu gef\u00fchrt, dass der Gl\u00fchfaden in der Mitte der Lampe platziert wurde, was einen besseren Brennpunkt schafft. Dadurch konzentriert sich die W\u00e4rmeentwicklung in der Mitte.<\/p>\n<p><strong>Warum wird unser Lampensockel nicht locker?<\/strong><br \/>\nDas Grundproblem der Lockerung des Lampensockels liegt darin, dass sich der Klebstoff, mit dem der Sockel verklebt ist, durch \u00dcberhitzung l\u00f6st. Alle Lampen, die mit einer Klebeverbindung hergestellt werden, gehen irgendwann kaputt. Zu sagen \u201cwir verwenden Sekundenkleber\u201d ist eine schwache Ausrede, es ist nicht die richtige L\u00f6sung. Unsere Lampen sind nicht geklebt, was immer das Problem ist, wenn sich der Lampensockel lockert. Stattdessen werden unsere Lampensockel mechanisch mit einem Gewinde zusammengef\u00fcgt. Dadurch wird es NIE zu dem Problem kommen, dass eine Gl\u00fchbirne aus dem Sockel f\u00e4llt.<\/p>","protected":false},"featured_media":3448,"parent":0,"template":"","meta":{"_acf_changed":false,"_monsterinsights_skip_tracking":false,"_monsterinsights_sitenote_active":false,"_monsterinsights_sitenote_note":"","_monsterinsights_sitenote_category":0},"eigenschap":[],"product-categorie":[456],"class_list":["post-2842","product","type-product","status-publish","has-post-thumbnail","hentry","product-categorie-solariums"],"acf":[],"_links":{"self":[{"href":"https:\/\/www.equitrend.nl\/de\/wp-json\/wp\/v2\/product\/2842","targetHints":{"allow":["GET"]}}],"collection":[{"href":"https:\/\/www.equitrend.nl\/de\/wp-json\/wp\/v2\/product"}],"about":[{"href":"https:\/\/www.equitrend.nl\/de\/wp-json\/wp\/v2\/types\/product"}],"wp:featuredmedia":[{"embeddable":true,"href":"https:\/\/www.equitrend.nl\/de\/wp-json\/wp\/v2\/media\/3448"}],"wp:attachment":[{"href":"https:\/\/www.equitrend.nl\/de\/wp-json\/wp\/v2\/media?parent=2842"}],"wp:term":[{"taxonomy":"eigenschap","embeddable":true,"href":"https:\/\/www.equitrend.nl\/de\/wp-json\/wp\/v2\/eigenschap?post=2842"},{"taxonomy":"product-categorie","embeddable":true,"href":"https:\/\/www.equitrend.nl\/de\/wp-json\/wp\/v2\/product-categorie?post=2842"}],"curies":[{"name":"wp","href":"https:\/\/api.w.org\/{rel}","templated":true}]}}