{"id":2840,"date":"2017-12-21T14:19:50","date_gmt":"2017-12-21T13:19:50","guid":{"rendered":"https:\/\/www.equitrend.nl\/nieuw\/product\/veegmachine\/"},"modified":"2025-02-26T10:48:34","modified_gmt":"2025-02-26T09:48:34","slug":"kehrmaschine","status":"publish","type":"product","link":"https:\/\/www.equitrend.nl\/de\/assortiment\/veegmachine\/","title":{"rendered":"Kehrmaschine"},"content":{"rendered":"<p>Equitrend vertreibt professionelle und semiprofessionelle hydraulische Kehrmaschinen, die zum Kehren von Sand, Schnee, Stroh, Laub und grobem Schmutz auf Parkpl\u00e4tzen, Einfahrten, Betriebsgel\u00e4nden, Stallgassen usw. geeignet sind. Diese Maschinen erleichtern die Arbeit auf und um den Hof.<\/p>\n<p><strong>Stumm<\/strong><br \/>\nDie kabellose Kehrmaschine Sweep GS 0900R ist eine elektrisch betriebene Kehrmaschine. Die abgeflachte B\u00fcrste sorgt f\u00fcr ein optimales Kehrergebnis. Dank der speziellen Konstruktion verstopft die B\u00fcrste nicht mit Gras, Heu oder Stroh. Diese Kehrmaschine ist sehr wendig und einfach zu bedienen. Dank ihres Batterieantriebs ist die Maschine v\u00f6llig ger\u00e4uschlos.<\/p>\n<p>&nbsp;<\/p>","protected":false},"featured_media":629,"parent":0,"template":"","meta":{"_acf_changed":false,"_monsterinsights_skip_tracking":false,"_monsterinsights_sitenote_active":false,"_monsterinsights_sitenote_note":"","_monsterinsights_sitenote_category":0},"eigenschap":[],"product-categorie":[279,283],"class_list":["post-2840","product","type-product","status-publish","has-post-thumbnail","hentry","product-categorie-machines","product-categorie-uitgelicht"],"acf":[],"_links":{"self":[{"href":"https:\/\/www.equitrend.nl\/de\/wp-json\/wp\/v2\/product\/2840","targetHints":{"allow":["GET"]}}],"collection":[{"href":"https:\/\/www.equitrend.nl\/de\/wp-json\/wp\/v2\/product"}],"about":[{"href":"https:\/\/www.equitrend.nl\/de\/wp-json\/wp\/v2\/types\/product"}],"wp:featuredmedia":[{"embeddable":true,"href":"https:\/\/www.equitrend.nl\/de\/wp-json\/wp\/v2\/media\/629"}],"wp:attachment":[{"href":"https:\/\/www.equitrend.nl\/de\/wp-json\/wp\/v2\/media?parent=2840"}],"wp:term":[{"taxonomy":"eigenschap","embeddable":true,"href":"https:\/\/www.equitrend.nl\/de\/wp-json\/wp\/v2\/eigenschap?post=2840"},{"taxonomy":"product-categorie","embeddable":true,"href":"https:\/\/www.equitrend.nl\/de\/wp-json\/wp\/v2\/product-categorie?post=2840"}],"curies":[{"name":"wp","href":"https:\/\/api.w.org\/{rel}","templated":true}]}}