{"id":2839,"date":"2017-12-21T14:04:57","date_gmt":"2017-12-21T13:04:57","guid":{"rendered":"https:\/\/www.equitrend.nl\/nieuw\/product\/hoefslag-kantploeg\/"},"modified":"2025-02-26T11:04:00","modified_gmt":"2025-02-26T10:04:00","slug":"hufeisen-spitzenteam","status":"publish","type":"product","link":"https:\/\/www.equitrend.nl\/de\/assortiment\/hoefslag-kantploeg\/","title":{"rendered":"Hufschlagr\u00e4umer"},"content":{"rendered":"<p>Der Hufschlagr\u00e4umer wurde speziell f\u00fcr das Gl\u00e4tten des Hufschlags entwickelt, der durch die Pferde an den \u00e4u\u00dferen R\u00e4ndern des Reitbodens entsteht. Durch die Aussparung an einer Seite ist der Hufschlagr\u00e4umer auch sehr gut f\u00fcr den Einsatz an der Safety Wall geeignet. Man kann den Hufschlag schnell und einfach einebnen, ohne auf Traktoren oder andere motorisierte Maschinen zur\u00fcckgreifen zu m\u00fcssen.<\/p>\n<p><strong>Eigenschaften<\/strong><\/p>\n<ul>\n<li><i class=\"icon icon-check-circle\"><\/i> Ideal, um schnell Hufschlagr\u00e4nder einzuebnen<\/li>\n<li><i class=\"icon icon-check-circle\"><\/i> Kein Umsetzen von Hindernissen bei der Nutzung<\/li>\n<li><i class=\"icon icon-check-circle\"><\/i> Schnell und einfach<\/li>\n<li><i class=\"icon icon-check-circle\"><\/i> Geeignet f\u00fcr alle Untergr\u00fcnde<\/li>\n<\/ul>","protected":false},"featured_media":625,"parent":0,"template":"","meta":{"_acf_changed":false,"_monsterinsights_skip_tracking":false,"_monsterinsights_sitenote_active":false,"_monsterinsights_sitenote_note":"","_monsterinsights_sitenote_category":0},"eigenschap":[],"product-categorie":[273,283],"class_list":["post-2839","product","type-product","status-publish","has-post-thumbnail","hentry","product-categorie-bodemvlakkers","product-categorie-uitgelicht"],"acf":[],"_links":{"self":[{"href":"https:\/\/www.equitrend.nl\/de\/wp-json\/wp\/v2\/product\/2839","targetHints":{"allow":["GET"]}}],"collection":[{"href":"https:\/\/www.equitrend.nl\/de\/wp-json\/wp\/v2\/product"}],"about":[{"href":"https:\/\/www.equitrend.nl\/de\/wp-json\/wp\/v2\/types\/product"}],"wp:featuredmedia":[{"embeddable":true,"href":"https:\/\/www.equitrend.nl\/de\/wp-json\/wp\/v2\/media\/625"}],"wp:attachment":[{"href":"https:\/\/www.equitrend.nl\/de\/wp-json\/wp\/v2\/media?parent=2839"}],"wp:term":[{"taxonomy":"eigenschap","embeddable":true,"href":"https:\/\/www.equitrend.nl\/de\/wp-json\/wp\/v2\/eigenschap?post=2839"},{"taxonomy":"product-categorie","embeddable":true,"href":"https:\/\/www.equitrend.nl\/de\/wp-json\/wp\/v2\/product-categorie?post=2839"}],"curies":[{"name":"wp","href":"https:\/\/api.w.org\/{rel}","templated":true}]}}