{"id":2838,"date":"2017-12-21T13:51:14","date_gmt":"2017-12-21T12:51:14","guid":{"rendered":"https:\/\/www.equitrend.nl\/nieuw\/product\/hinderniswagen-met-huif\/"},"modified":"2025-02-26T11:02:59","modified_gmt":"2025-02-26T10:02:59","slug":"innerhalb-dieser-produktgruppe-bieten-wir-auch-ein-hinderniswagen-mit-abdeckung-und-stangenwagen-an","status":"publish","type":"product","link":"https:\/\/www.equitrend.nl\/de\/assortiment\/hinderniswagen-met-huif\/","title":{"rendered":"Hinderniswagen mit Abdeckung"},"content":{"rendered":"<p>Wenn Sie Ihr Hindernismaterial im Freien lagern wollen, ist dieser Hinderniswagen mit Verdeck ein wahrer Gl\u00fccksfall. Er ist aus hochwertiger Plane gefertigt und sch\u00fctzt Ihre Balken und Stangen vor allen Witterungsbedingungen.<\/p>\n<p><strong>Kapazit\u00e4t<br \/>\n<\/strong>Dieser Stangenwagen ist dank seiner Kapazit\u00e4t von 120 (!) Hindernisstangen ideal f\u00fcr Springst\u00e4lle. Mit dem Ger\u00e4t l\u00e4sst sich in Ihrer Halle ein ganzer Springparcours in nur einer Runde aufstellen.<br \/>\n<strong><br \/>\nBreite R\u00e4der\/Radstand<\/strong><br \/>\nDer Hindernisbalkenwagen hat eine Gr\u00f6\u00dfe von 350 x 150 cm und ist mit einer stabilen Drehscheibe ausgestattet. Dadurch ist der Wagen \u00e4u\u00dferst stabil. Die breiten Luftreifen tragen dazu bei und machen ihn leicht man\u00f6vrierbar.<\/p>\n<p><strong>\u00c4hnliche Artikel<\/strong><br \/>\nInnerhalb dieser Produktgruppe bieten wir auch eine <a href=\"https:\/\/www.equitrend.nl\/de\/product\/hinderniswagen\/?term=transport\">Hinderniswagen<\/a> und <a href=\"https:\/\/www.equitrend.nl\/de\/product\/stangenwagen\/?term=transport\">Leitungswagen<\/a> zu.<\/p>","protected":false},"featured_media":620,"parent":0,"template":"","meta":{"_acf_changed":false,"_monsterinsights_skip_tracking":false,"_monsterinsights_sitenote_active":false,"_monsterinsights_sitenote_note":"","_monsterinsights_sitenote_category":0},"eigenschap":[],"product-categorie":[275],"class_list":["post-2838","product","type-product","status-publish","has-post-thumbnail","hentry","product-categorie-transport"],"acf":[],"_links":{"self":[{"href":"https:\/\/www.equitrend.nl\/de\/wp-json\/wp\/v2\/product\/2838","targetHints":{"allow":["GET"]}}],"collection":[{"href":"https:\/\/www.equitrend.nl\/de\/wp-json\/wp\/v2\/product"}],"about":[{"href":"https:\/\/www.equitrend.nl\/de\/wp-json\/wp\/v2\/types\/product"}],"wp:featuredmedia":[{"embeddable":true,"href":"https:\/\/www.equitrend.nl\/de\/wp-json\/wp\/v2\/media\/620"}],"wp:attachment":[{"href":"https:\/\/www.equitrend.nl\/de\/wp-json\/wp\/v2\/media?parent=2838"}],"wp:term":[{"taxonomy":"eigenschap","embeddable":true,"href":"https:\/\/www.equitrend.nl\/de\/wp-json\/wp\/v2\/eigenschap?post=2838"},{"taxonomy":"product-categorie","embeddable":true,"href":"https:\/\/www.equitrend.nl\/de\/wp-json\/wp\/v2\/product-categorie?post=2838"}],"curies":[{"name":"wp","href":"https:\/\/api.w.org\/{rel}","templated":true}]}}