{"id":2835,"date":"2017-12-21T13:30:59","date_gmt":"2017-12-21T12:30:59","guid":{"rendered":"https:\/\/www.equitrend.nl\/nieuw\/product\/purple-packer\/"},"modified":"2025-02-26T11:12:27","modified_gmt":"2025-02-26T10:12:27","slug":"vogelpacker","status":"publish","type":"product","link":"https:\/\/www.equitrend.nl\/de\/assortiment\/purple-packer\/","title":{"rendered":"Purple Packer"},"content":{"rendered":"<p>Der Purple Packer ist ein Ger\u00e4t zum Anbau an einen Mini-Radlader oder Gabelstapler zum Ausmisten von St\u00e4llen. Dieser Mistgreifer l\u00e4sst sich spielendleicht an- und abkoppeln, sodass sich das Ger\u00e4t auch f\u00fcr andere Zwecke nutzen l\u00e4sst. So macht sogar das Ausmisten Spa\u00df! Und ein Stall von ca. 12 m\u00b2  l\u00e4sst sich schon mit einer einzigen Handlung saubermachen. Das Ger\u00e4t ist f\u00fcr Stallt\u00fcren ab einer Breite von 110 cm und einem Stallgang von 240 cm Breite geeignet.<\/p>\n<p>Er ist geeignet f\u00fcr Stallt\u00fcren ab 110cm und einen Stallgang von 240cm.<\/p>\n<p><strong>Die Vorteile<\/strong><\/p>\n<ul>\n<li>Keine manuelle Arbeit<\/li>\n<li>Kein Dung in der Stallgasse<\/li>\n<li>Geringe Wartung<\/li>\n<li>Gesparte Zeit<\/li>\n<\/ul>\n<p>&nbsp;<\/p>","protected":false},"featured_media":611,"parent":0,"template":"","meta":{"_acf_changed":false,"_monsterinsights_skip_tracking":false,"_monsterinsights_sitenote_active":false,"_monsterinsights_sitenote_note":"","_monsterinsights_sitenote_category":0},"eigenschap":[],"product-categorie":[279],"class_list":["post-2835","product","type-product","status-publish","has-post-thumbnail","hentry","product-categorie-machines"],"acf":[],"_links":{"self":[{"href":"https:\/\/www.equitrend.nl\/de\/wp-json\/wp\/v2\/product\/2835","targetHints":{"allow":["GET"]}}],"collection":[{"href":"https:\/\/www.equitrend.nl\/de\/wp-json\/wp\/v2\/product"}],"about":[{"href":"https:\/\/www.equitrend.nl\/de\/wp-json\/wp\/v2\/types\/product"}],"wp:featuredmedia":[{"embeddable":true,"href":"https:\/\/www.equitrend.nl\/de\/wp-json\/wp\/v2\/media\/611"}],"wp:attachment":[{"href":"https:\/\/www.equitrend.nl\/de\/wp-json\/wp\/v2\/media?parent=2835"}],"wp:term":[{"taxonomy":"eigenschap","embeddable":true,"href":"https:\/\/www.equitrend.nl\/de\/wp-json\/wp\/v2\/eigenschap?post=2835"},{"taxonomy":"product-categorie","embeddable":true,"href":"https:\/\/www.equitrend.nl\/de\/wp-json\/wp\/v2\/product-categorie?post=2835"}],"curies":[{"name":"wp","href":"https:\/\/api.w.org\/{rel}","templated":true}]}}