{"id":2834,"date":"2017-12-21T13:18:01","date_gmt":"2017-12-21T12:18:01","guid":{"rendered":"https:\/\/www.equitrend.nl\/nieuw\/product\/balkenwagen\/"},"modified":"2026-01-29T16:09:56","modified_gmt":"2026-01-29T15:09:56","slug":"stangenwagen","status":"publish","type":"product","link":"https:\/\/www.equitrend.nl\/de\/assortiment\/balkenwagen\/","title":{"rendered":"Stangenwagen"},"content":{"rendered":"<p>Dieser Stangenwagen ist dank seiner Kapazit\u00e4t von 120 (!) Hindernisstangen ideal f\u00fcr Springst\u00e4lle. Mit dem Ger\u00e4t l\u00e4sst sich in Ihrer Halle ein ganzer Springparcours in nur einer Runde aufstellen.<\/p>\n<p><strong>Breite R\u00e4der\/Radstand<\/strong><br \/>\nDer Stangenwagen ist 250 x 120 cm gro\u00df und mit einem soliden Drehkranz ausgestattet. Dadurch ist er \u00e4u\u00dferst stabil. Die breiten Luftreifen tragen ebenfalls zu dieser Stabilit\u00e4t bei und sorgen daf\u00fcr, dass man den Wagen problemlos man\u00f6vrieren kann.<\/p>\n<p><strong>Deichsel &amp; Anh\u00e4ngerkupplung<\/strong><br \/>\nDie Deichsel hat einen Handgriff mit \u00d6se. An der R\u00fcckseite des Wagens ist eine Anh\u00e4ngerkupplung, die vor allem dann sehr praktisch ist, wenn man zus\u00e4tzlich einen Hinderniswagen mitnehmen muss. <a href=\"https:\/\/www.equitrend.nl\/de\/product\/hinderniswagen\/\">Hinderniswagen<\/a> mitnehmen sollten.<\/p>\n<p>&nbsp;<\/p>","protected":false},"featured_media":596,"parent":0,"template":"","meta":{"_acf_changed":false,"_monsterinsights_skip_tracking":false,"_monsterinsights_sitenote_active":false,"_monsterinsights_sitenote_note":"","_monsterinsights_sitenote_category":0},"eigenschap":[],"product-categorie":[275],"class_list":["post-2834","product","type-product","status-publish","has-post-thumbnail","hentry","product-categorie-transport"],"acf":[],"_links":{"self":[{"href":"https:\/\/www.equitrend.nl\/de\/wp-json\/wp\/v2\/product\/2834","targetHints":{"allow":["GET"]}}],"collection":[{"href":"https:\/\/www.equitrend.nl\/de\/wp-json\/wp\/v2\/product"}],"about":[{"href":"https:\/\/www.equitrend.nl\/de\/wp-json\/wp\/v2\/types\/product"}],"wp:featuredmedia":[{"embeddable":true,"href":"https:\/\/www.equitrend.nl\/de\/wp-json\/wp\/v2\/media\/596"}],"wp:attachment":[{"href":"https:\/\/www.equitrend.nl\/de\/wp-json\/wp\/v2\/media?parent=2834"}],"wp:term":[{"taxonomy":"eigenschap","embeddable":true,"href":"https:\/\/www.equitrend.nl\/de\/wp-json\/wp\/v2\/eigenschap?post=2834"},{"taxonomy":"product-categorie","embeddable":true,"href":"https:\/\/www.equitrend.nl\/de\/wp-json\/wp\/v2\/product-categorie?post=2834"}],"curies":[{"name":"wp","href":"https:\/\/api.w.org\/{rel}","templated":true}]}}