{"id":2833,"date":"2017-12-21T13:19:57","date_gmt":"2017-12-21T12:19:57","guid":{"rendered":"https:\/\/www.equitrend.nl\/nieuw\/product\/purple-spreader\/"},"modified":"2025-02-26T11:12:48","modified_gmt":"2025-02-26T10:12:48","slug":"purpurstreuer","status":"publish","type":"product","link":"https:\/\/www.equitrend.nl\/de\/assortiment\/purple-spreader\/","title":{"rendered":"Purple Spreader"},"content":{"rendered":"<p>Der Purple Spreader ist eine Zusatzkomponente f\u00fcr Mini-Radlader oder Gabelstapler und dient dazu, Stroh als Einstreu in St\u00e4llen zu verteilen. Dieser Strohverteiler erleichtert Ihnen die Stallarbeit ungemein. Sie k\u00f6nnen die Stallarbeit mit diesem Ger\u00e4t schneller erledigen und zudem viel Energie und M\u00fche sparen. Au\u00dferdem wird mit diesem Strohverteiler deutlich weniger Staub freigesetzt, das ist besser f\u00fcr die Gesundheit von Mensch und Pferd. Dank seiner einfachen Bedienung ist der Purple Spreader \u00fcberaus benutzerfreundlich. Er sorgt zudem f\u00fcr ein wunderbar gleichm\u00e4\u00dfig dickes Strohbett. Geeignet ist er f\u00fcr gro\u00dfe Strohballen und f\u00fcr Maschinen mit einer Hubkraft ab 700 kg.<\/p>\n<p><strong>Die Vorteile<\/strong><\/p>\n<ul>\n<li>Stroh bleibt lang<\/li>\n<li>Wenig Staub<\/li>\n<li>Einfache Bedienung<\/li>\n<li>Weniger Arbeit<\/li>\n<\/ul>","protected":false},"featured_media":593,"parent":0,"template":"","meta":{"_acf_changed":false,"_monsterinsights_skip_tracking":false,"_monsterinsights_sitenote_active":false,"_monsterinsights_sitenote_note":"","_monsterinsights_sitenote_category":0},"eigenschap":[],"product-categorie":[279],"class_list":["post-2833","product","type-product","status-publish","has-post-thumbnail","hentry","product-categorie-machines"],"acf":[],"_links":{"self":[{"href":"https:\/\/www.equitrend.nl\/de\/wp-json\/wp\/v2\/product\/2833","targetHints":{"allow":["GET"]}}],"collection":[{"href":"https:\/\/www.equitrend.nl\/de\/wp-json\/wp\/v2\/product"}],"about":[{"href":"https:\/\/www.equitrend.nl\/de\/wp-json\/wp\/v2\/types\/product"}],"wp:featuredmedia":[{"embeddable":true,"href":"https:\/\/www.equitrend.nl\/de\/wp-json\/wp\/v2\/media\/593"}],"wp:attachment":[{"href":"https:\/\/www.equitrend.nl\/de\/wp-json\/wp\/v2\/media?parent=2833"}],"wp:term":[{"taxonomy":"eigenschap","embeddable":true,"href":"https:\/\/www.equitrend.nl\/de\/wp-json\/wp\/v2\/eigenschap?post=2833"},{"taxonomy":"product-categorie","embeddable":true,"href":"https:\/\/www.equitrend.nl\/de\/wp-json\/wp\/v2\/product-categorie?post=2833"}],"curies":[{"name":"wp","href":"https:\/\/api.w.org\/{rel}","templated":true}]}}