{"id":2832,"date":"2017-12-21T13:13:17","date_gmt":"2017-12-21T12:13:17","guid":{"rendered":"https:\/\/www.equitrend.nl\/nieuw\/product\/hinderniswagen\/"},"modified":"2026-01-29T16:10:20","modified_gmt":"2026-01-29T15:10:20","slug":"hinderniswagen","status":"publish","type":"product","link":"https:\/\/www.equitrend.nl\/de\/assortiment\/hinderniswagen\/","title":{"rendered":"Hinderniswagen"},"content":{"rendered":"<p>Wenn Sie regelm\u00e4\u00dfig Hindernisse transportieren m\u00fcssen, wissen Sie, wie arbeitsintensiv es ist, alles an den richtigen Platz zu bringen. Dieser manuell zu bedienende Hinderniswagen ist eine absolute Arbeitserleichterung. Dank seiner breiten R\u00e4der lassen sich die St\u00e4nder und Hindernisstangen problemlos \u00fcber den Sandboden Ihrer Halle oder Ihres Reitplatzes transportieren. Und ein weiteres gro\u00dfes Plus: Das gesamte Hindernismaterial k\u00f6nnen Sie das ganze Jahr \u00fcber in dem Wagen verwahren.<\/p>\n<p><strong>Deichsel &amp; Anh\u00e4ngerkupplung<\/strong><br \/>\nDie Deichsel hat einen Handgriff mit \u00d6se. An der R\u00fcckseite des Wagens ist eine Anh\u00e4ngerkupplung, die vor allem dann sehr praktisch ist, wenn man zus\u00e4tzlich einen Hinderniswagen mitnehmen muss. <a href=\"\/de\/product\/stangenwagen\/\">Leitungswagen<\/a> mitnehmen sollten.<\/p>\n<p><strong>Breite R\u00e4der\/Radstand<\/strong><br \/>\nDer Hinderniswagen ist 350 x 50 cm gro\u00df und mit einem soliden Drehkranz ausgestattet. Dadurch ist er \u00e4u\u00dferst stabil. Die breiten Luftreifen tragen ebenfalls zu dieser Stabilit\u00e4t bei und sorgen daf\u00fcr, dass man den Wagen problemlos man\u00f6vrieren kann.<\/p>","protected":false},"featured_media":583,"parent":0,"template":"","meta":{"_acf_changed":false,"_monsterinsights_skip_tracking":false,"_monsterinsights_sitenote_active":false,"_monsterinsights_sitenote_note":"","_monsterinsights_sitenote_category":0},"eigenschap":[],"product-categorie":[275],"class_list":["post-2832","product","type-product","status-publish","has-post-thumbnail","hentry","product-categorie-transport"],"acf":[],"_links":{"self":[{"href":"https:\/\/www.equitrend.nl\/de\/wp-json\/wp\/v2\/product\/2832","targetHints":{"allow":["GET"]}}],"collection":[{"href":"https:\/\/www.equitrend.nl\/de\/wp-json\/wp\/v2\/product"}],"about":[{"href":"https:\/\/www.equitrend.nl\/de\/wp-json\/wp\/v2\/types\/product"}],"wp:featuredmedia":[{"embeddable":true,"href":"https:\/\/www.equitrend.nl\/de\/wp-json\/wp\/v2\/media\/583"}],"wp:attachment":[{"href":"https:\/\/www.equitrend.nl\/de\/wp-json\/wp\/v2\/media?parent=2832"}],"wp:term":[{"taxonomy":"eigenschap","embeddable":true,"href":"https:\/\/www.equitrend.nl\/de\/wp-json\/wp\/v2\/eigenschap?post=2832"},{"taxonomy":"product-categorie","embeddable":true,"href":"https:\/\/www.equitrend.nl\/de\/wp-json\/wp\/v2\/product-categorie?post=2832"}],"curies":[{"name":"wp","href":"https:\/\/api.w.org\/{rel}","templated":true}]}}