{"id":2831,"date":"2017-12-21T12:53:22","date_gmt":"2017-12-21T11:53:22","guid":{"rendered":"https:\/\/www.equitrend.nl\/nieuw\/product\/strowagen\/"},"modified":"2025-02-26T10:50:26","modified_gmt":"2025-02-26T09:50:26","slug":"strowagen","status":"publish","type":"product","link":"https:\/\/www.equitrend.nl\/de\/assortiment\/strowagen\/","title":{"rendered":"Grossballenwagen"},"content":{"rendered":"<p>Dieser grossballenwagen ist der Helfer f\u00fcr den Transport von gro\u00dfen Stroh- oder Heuballen. Das Einstreuen Ihrer St\u00e4lle wird schneller und effizienter.<\/p>\n<p><strong>Nutzlast<\/strong><br \/>\nDie gro\u00dfe Ladefl\u00e4che von 250 cm x 120 cm erm\u00f6glicht es Ihnen, bis zu 1.200 kg Stroh oder Heu schnell und sicher zu transportieren. Damit ist dieser Strohwagen besonders f\u00fcr gr\u00f6\u00dfere Pferdebetriebe mit vielen St\u00e4llen geeignet.<\/p>\n<p><strong>Andere Produkte in dieser Kategorie<\/strong><br \/>\nWussten Sie, dass wir auch einen elektrisch betriebenen Strohwagen in unserem Sortiment haben? Sehen Sie sich dieses Produkt an, indem Sie auf die Schaltfl\u00e4che unten klicken.<br \/>\n<div  class='avia-button-wrap av-7kmkn-b3f5ec34277f9c81d6ad8aad865aa8df-wrap avia-button-left  avia-builder-el-0  avia-builder-el-no-sibling'><a href='\/de\/elektrisch-betriebener-strohwagen\/?term=transport'  class='avia-button av-7kmkn-b3f5ec34277f9c81d6ad8aad865aa8df av-link-btn avia-icon_select-no avia-size-small avia-position-left avia-color-theme-color'   aria-label=\"Ansicht elektrisch betriebener Strohwagen\"><span class='avia_iconbox_title' >Ansicht elektrisch betriebener Strohwagen<\/span><\/a><\/div><\/p>","protected":false},"featured_media":578,"parent":0,"template":"","meta":{"_acf_changed":false,"_monsterinsights_skip_tracking":false,"_monsterinsights_sitenote_active":false,"_monsterinsights_sitenote_note":"","_monsterinsights_sitenote_category":0},"eigenschap":[],"product-categorie":[275],"class_list":["post-2831","product","type-product","status-publish","has-post-thumbnail","hentry","product-categorie-transport"],"acf":[],"_links":{"self":[{"href":"https:\/\/www.equitrend.nl\/de\/wp-json\/wp\/v2\/product\/2831","targetHints":{"allow":["GET"]}}],"collection":[{"href":"https:\/\/www.equitrend.nl\/de\/wp-json\/wp\/v2\/product"}],"about":[{"href":"https:\/\/www.equitrend.nl\/de\/wp-json\/wp\/v2\/types\/product"}],"wp:featuredmedia":[{"embeddable":true,"href":"https:\/\/www.equitrend.nl\/de\/wp-json\/wp\/v2\/media\/578"}],"wp:attachment":[{"href":"https:\/\/www.equitrend.nl\/de\/wp-json\/wp\/v2\/media?parent=2831"}],"wp:term":[{"taxonomy":"eigenschap","embeddable":true,"href":"https:\/\/www.equitrend.nl\/de\/wp-json\/wp\/v2\/eigenschap?post=2831"},{"taxonomy":"product-categorie","embeddable":true,"href":"https:\/\/www.equitrend.nl\/de\/wp-json\/wp\/v2\/product-categorie?post=2831"}],"curies":[{"name":"wp","href":"https:\/\/api.w.org\/{rel}","templated":true}]}}