{"id":2830,"date":"2017-12-21T12:44:09","date_gmt":"2017-12-21T11:44:09","guid":{"rendered":"https:\/\/www.equitrend.nl\/nieuw\/product\/voerkar\/"},"modified":"2025-03-06T15:43:47","modified_gmt":"2025-03-06T14:43:47","slug":"futterwagen","status":"publish","type":"product","link":"https:\/\/www.equitrend.nl\/de\/assortiment\/voerkar\/","title":{"rendered":"Futterwagen"},"content":{"rendered":"<p>Dieser Futterwagen aus Metall ist ein Muss f\u00fcr jeden Stall. Er hat ein Fassungsverm\u00f6gen von 350 Litern, das in 3 F\u00e4cher unterteilt ist. Der Futterwagen ist aus Stahl gefertigt und verf\u00fcgt \u00fcber 3 R\u00e4der, von denen 1 ein Lenkrad ist, wodurch er leicht in Ihrem Stall man\u00f6vriert werden kann.<\/p>\n<p><strong>Transport mehrerer Futtermittelarten<\/strong><br \/>\nDie Unterteilung in 3 F\u00e4cher erm\u00f6glicht es Ihnen, mehrere Futtersorten mitzuf\u00fchren. So k\u00f6nnen Sie alle Pferde in einer Runde f\u00fcttern, zum Beispiel mit Pellets, Hafer und M\u00fcsli.<\/p>\n<p><strong>Gesch\u00fctzt vor Sch\u00e4dlingen<\/strong><br \/>\nDer Futterwagen ist mit 2 Deckeln ausgestattet. So bleibt alles gut verschlossen und Ungeziefer kann nicht an Ihr Futter gelangen.<\/p>\n<p><strong>Zubeh\u00f6r<\/strong><br \/>\nZum Lieferumfang geh\u00f6rt ein ma\u00dfgeschneidertes Tablett, in dem Sie Ihre Beilagen aufbewahren k\u00f6nnen.<\/p>\n<p>&nbsp;<\/p>","protected":false},"featured_media":3350,"parent":0,"template":"","meta":{"_acf_changed":false,"_monsterinsights_skip_tracking":false,"_monsterinsights_sitenote_active":false,"_monsterinsights_sitenote_note":"","_monsterinsights_sitenote_category":0},"eigenschap":[],"product-categorie":[275],"class_list":["post-2830","product","type-product","status-publish","has-post-thumbnail","hentry","product-categorie-transport"],"acf":[],"_links":{"self":[{"href":"https:\/\/www.equitrend.nl\/de\/wp-json\/wp\/v2\/product\/2830","targetHints":{"allow":["GET"]}}],"collection":[{"href":"https:\/\/www.equitrend.nl\/de\/wp-json\/wp\/v2\/product"}],"about":[{"href":"https:\/\/www.equitrend.nl\/de\/wp-json\/wp\/v2\/types\/product"}],"wp:featuredmedia":[{"embeddable":true,"href":"https:\/\/www.equitrend.nl\/de\/wp-json\/wp\/v2\/media\/3350"}],"wp:attachment":[{"href":"https:\/\/www.equitrend.nl\/de\/wp-json\/wp\/v2\/media?parent=2830"}],"wp:term":[{"taxonomy":"eigenschap","embeddable":true,"href":"https:\/\/www.equitrend.nl\/de\/wp-json\/wp\/v2\/eigenschap?post=2830"},{"taxonomy":"product-categorie","embeddable":true,"href":"https:\/\/www.equitrend.nl\/de\/wp-json\/wp\/v2\/product-categorie?post=2830"}],"curies":[{"name":"wp","href":"https:\/\/api.w.org\/{rel}","templated":true}]}}