{"id":2827,"date":"2017-12-21T11:13:29","date_gmt":"2017-12-21T10:13:29","guid":{"rendered":"https:\/\/www.equitrend.nl\/nieuw\/product\/mestcontainer\/"},"modified":"2025-02-26T11:06:49","modified_gmt":"2025-02-26T10:06:49","slug":"gullebehalter","status":"publish","type":"product","link":"https:\/\/www.equitrend.nl\/de\/assortiment\/mestcontainer\/","title":{"rendered":"Mistcontainer"},"content":{"rendered":"<p>Dieser G\u00fcllebeh\u00e4lter hat ein Fassungsverm\u00f6gen von nicht weniger als 2.400 Litern. Das ist ungef\u00e4hr so viel wie 12 volle Schubkarren. Damit eignet sich der G\u00fcllebeh\u00e4lter perfekt f\u00fcr das Ausmisten Ihrer St\u00e4lle. Sie m\u00fcssen nicht st\u00e4ndig mit Ihrer Schubkarre auf und ab gehen. Wenn der Beh\u00e4lter voll ist, k\u00f6nnen Sie ihn mit einem Lader entleeren.<\/p>\n<p><strong>ROSTFREIER STAHL\u00a0<\/strong><br \/>\nDer G\u00fcllebeh\u00e4lter ist aus rostfreiem Stahl gefertigt. Die Oxidhaut des Materials dichtet das darunter liegende Material gut ab und verhindert die Bildung von Rost. Das ist praktisch, zumal der D\u00fcngebeh\u00e4lter mit viel Ammoniak aus dem Pferdemist in Ber\u00fchrung kommen wird. So bleibt er \u00fcber Jahre hinweg wie neu.<\/p>\n<p><strong>Leicht zu man\u00f6vrieren<\/strong><br \/>\nMit seinen vier Luftreifen, von denen zwei Rollen sind, l\u00e4sst sich der G\u00fcllebeh\u00e4lter leicht in Ihrem Stall man\u00f6vrieren. Ein weiterer Vorteil ist, dass er dadurch nicht schwer ist. So kann jeder im Stall mit ihm arbeiten.<\/p>","protected":false},"featured_media":559,"parent":0,"template":"","meta":{"_acf_changed":false,"_monsterinsights_skip_tracking":false,"_monsterinsights_sitenote_active":false,"_monsterinsights_sitenote_note":"","_monsterinsights_sitenote_category":0},"eigenschap":[],"product-categorie":[275],"class_list":["post-2827","product","type-product","status-publish","has-post-thumbnail","hentry","product-categorie-transport"],"acf":[],"_links":{"self":[{"href":"https:\/\/www.equitrend.nl\/de\/wp-json\/wp\/v2\/product\/2827","targetHints":{"allow":["GET"]}}],"collection":[{"href":"https:\/\/www.equitrend.nl\/de\/wp-json\/wp\/v2\/product"}],"about":[{"href":"https:\/\/www.equitrend.nl\/de\/wp-json\/wp\/v2\/types\/product"}],"wp:featuredmedia":[{"embeddable":true,"href":"https:\/\/www.equitrend.nl\/de\/wp-json\/wp\/v2\/media\/559"}],"wp:attachment":[{"href":"https:\/\/www.equitrend.nl\/de\/wp-json\/wp\/v2\/media?parent=2827"}],"wp:term":[{"taxonomy":"eigenschap","embeddable":true,"href":"https:\/\/www.equitrend.nl\/de\/wp-json\/wp\/v2\/eigenschap?post=2827"},{"taxonomy":"product-categorie","embeddable":true,"href":"https:\/\/www.equitrend.nl\/de\/wp-json\/wp\/v2\/product-categorie?post=2827"}],"curies":[{"name":"wp","href":"https:\/\/api.w.org\/{rel}","templated":true}]}}