{"id":2826,"date":"2017-12-21T10:59:29","date_gmt":"2017-12-21T09:59:29","guid":{"rendered":"https:\/\/www.equitrend.nl\/nieuw\/product\/kruiwagen-430l\/"},"modified":"2025-03-06T15:31:09","modified_gmt":"2025-03-06T14:31:09","slug":"schubkarre-430l","status":"publish","type":"product","link":"https:\/\/www.equitrend.nl\/de\/assortiment\/kruiwagen-430l\/","title":{"rendered":"Schubkarren - 430L"},"content":{"rendered":"<p>Mit dieser Schubkarre k\u00f6nnen Sie bis zu 430 Liter transportieren. Ideal, wenn Sie gro\u00dfe Mengen Dung, Wasser oder Stroh von a nach b im Stall transportieren m\u00fcssen. Der Beh\u00e4lter ist aus Polyethylen gefertigt<b>\u00a0<\/b>und der Rahmen ist verzinkt. Daher kann diese Schubkarre definitiv einiges aushalten.<\/p>\n<p><strong>Der Komfort von zwei R\u00e4dern<\/strong><br \/>\nDa die Schubkarre zwei R\u00e4der hat, kann sie nicht umkippen. Egal, ob sie leer oder voll ist, Sie k\u00f6nnen die Schubkarre sogar mit einer Hand lenken. Praktisch, wenn man z. B. eine Mistgabel oder einen Besen zum n\u00e4chsten Stall bringen muss.<\/p>\n<p><strong>Starke R\u00e4der<\/strong><br \/>\nDiese Schubkarre hat ein Fassungsverm\u00f6gen von 430 Litern und ist mit robusten 4-lagigen Luftreifen ausgestattet. Sie verf\u00fcgt \u00fcber Stahlfelgen mit Kugellagern. Dies macht die Schubkarre sehr geeignet f\u00fcr den t\u00e4glichen Gebrauch, sowohl im Innen- als auch im Au\u00dfenbereich.<\/p>","protected":false},"featured_media":3331,"parent":0,"template":"","meta":{"_acf_changed":false,"_monsterinsights_skip_tracking":false,"_monsterinsights_sitenote_active":false,"_monsterinsights_sitenote_note":"","_monsterinsights_sitenote_category":0},"eigenschap":[],"product-categorie":[275,283],"class_list":["post-2826","product","type-product","status-publish","has-post-thumbnail","hentry","product-categorie-transport","product-categorie-uitgelicht"],"acf":[],"_links":{"self":[{"href":"https:\/\/www.equitrend.nl\/de\/wp-json\/wp\/v2\/product\/2826","targetHints":{"allow":["GET"]}}],"collection":[{"href":"https:\/\/www.equitrend.nl\/de\/wp-json\/wp\/v2\/product"}],"about":[{"href":"https:\/\/www.equitrend.nl\/de\/wp-json\/wp\/v2\/types\/product"}],"wp:featuredmedia":[{"embeddable":true,"href":"https:\/\/www.equitrend.nl\/de\/wp-json\/wp\/v2\/media\/3331"}],"wp:attachment":[{"href":"https:\/\/www.equitrend.nl\/de\/wp-json\/wp\/v2\/media?parent=2826"}],"wp:term":[{"taxonomy":"eigenschap","embeddable":true,"href":"https:\/\/www.equitrend.nl\/de\/wp-json\/wp\/v2\/eigenschap?post=2826"},{"taxonomy":"product-categorie","embeddable":true,"href":"https:\/\/www.equitrend.nl\/de\/wp-json\/wp\/v2\/product-categorie?post=2826"}],"curies":[{"name":"wp","href":"https:\/\/api.w.org\/{rel}","templated":true}]}}