{"id":2825,"date":"2017-12-21T11:03:53","date_gmt":"2017-12-21T10:03:53","guid":{"rendered":"https:\/\/www.equitrend.nl\/nieuw\/product\/zadelwagen\/"},"modified":"2025-02-26T10:43:57","modified_gmt":"2025-02-26T09:43:57","slug":"sattelwagen","status":"publish","type":"product","link":"https:\/\/www.equitrend.nl\/de\/assortiment\/zadelwagen\/","title":{"rendered":"Sattelwagen"},"content":{"rendered":"<p>Dieser multifunktionale Holzsattelwagen macht das Leben im Stall viel einfacher. Man kann diesen Sattelwagen mit R\u00e4dern am besten als Werkzeugkasten f\u00fcr Reiter und Reiterin sehen. Der Sattelwagen verf\u00fcgt \u00fcber einen ger\u00e4umigen Stauraum, in dem Sie zum Beispiel Ihre B\u00fcrsten und Protektoren unterbringen k\u00f6nnen. Au\u00dferdem ist der Wagen mit einem Zaumzeughalter ausgestattet. Dank der Reifen l\u00e4sst sich die Sattelkarre auch auf unebenen Wegen leicht bewegen. Passt auf jeden Satteltyp.<\/p>\n<p><strong>Drehbares Oberteil<\/strong><\/p>\n<p>Au\u00dferdem verf\u00fcgt der Gurtzeugwagen \u00fcber ein praktisches und sehr handliches Gadget: Das Oberteil ist schwenkbar, so dass Sie auch die Unterseite des Sattels reinigen und pflegen k\u00f6nnen. Jetzt ist es sehr einfach, Ihre Ausr\u00fcstung zu pflegen und zu bewegen.<\/p>","protected":false},"featured_media":549,"parent":0,"template":"","meta":{"_acf_changed":false,"_monsterinsights_skip_tracking":false,"_monsterinsights_sitenote_active":false,"_monsterinsights_sitenote_note":"","_monsterinsights_sitenote_category":0},"eigenschap":[],"product-categorie":[281],"class_list":["post-2825","product","type-product","status-publish","has-post-thumbnail","hentry","product-categorie-stal"],"acf":[],"_links":{"self":[{"href":"https:\/\/www.equitrend.nl\/de\/wp-json\/wp\/v2\/product\/2825","targetHints":{"allow":["GET"]}}],"collection":[{"href":"https:\/\/www.equitrend.nl\/de\/wp-json\/wp\/v2\/product"}],"about":[{"href":"https:\/\/www.equitrend.nl\/de\/wp-json\/wp\/v2\/types\/product"}],"wp:featuredmedia":[{"embeddable":true,"href":"https:\/\/www.equitrend.nl\/de\/wp-json\/wp\/v2\/media\/549"}],"wp:attachment":[{"href":"https:\/\/www.equitrend.nl\/de\/wp-json\/wp\/v2\/media?parent=2825"}],"wp:term":[{"taxonomy":"eigenschap","embeddable":true,"href":"https:\/\/www.equitrend.nl\/de\/wp-json\/wp\/v2\/eigenschap?post=2825"},{"taxonomy":"product-categorie","embeddable":true,"href":"https:\/\/www.equitrend.nl\/de\/wp-json\/wp\/v2\/product-categorie?post=2825"}],"curies":[{"name":"wp","href":"https:\/\/api.w.org\/{rel}","templated":true}]}}