{"id":2824,"date":"2017-12-21T10:30:06","date_gmt":"2017-12-21T09:30:06","guid":{"rendered":"https:\/\/www.equitrend.nl\/nieuw\/product\/droogsysteem\/"},"modified":"2025-02-26T10:57:04","modified_gmt":"2025-02-26T09:57:04","slug":"trocknungssystem","status":"publish","type":"product","link":"https:\/\/www.equitrend.nl\/de\/assortiment\/droogsysteem\/","title":{"rendered":"Deckenst\u00e4nder mit Trocknungssystem"},"content":{"rendered":"<p>Das Trocknen von Pferdedecken war noch nie so einfach. Die Decken k\u00f6nnen ganz einfach an unserem patentierten Trockengestell befestigt werden. Dank seiner perfekten Form und Heizleistung trocknen Ihre Decken innerhalb weniger Stunden. Diese Trocknungsmethode verl\u00e4ngert die Lebensdauer der Decken und verhindert Schimmel und unangenehme Ger\u00fcche.<\/p>\n<p><strong>Benutzerfreundlich<\/strong><br \/>\nDas Gestell zeichnet sich durch seine Benutzerfreundlichkeit aus, da Sie das Gestell zu sich ziehen k\u00f6nnen. Sie k\u00f6nnen dann ganz einfach eine Decke \u00fcber das Gestell h\u00e4ngen. Wenn Sie den Trockenst\u00e4nder in eine aufrechte Position bringen, k\u00f6nnen Sie Gegenst\u00e4nde wie Decken, Sehnen- und Fesselkopfstiefel hineinlegen und sie sind innerhalb von Minuten trocken.<\/p>\n<p><strong>Stromverbrauch<br \/>\n<\/strong>Das Trocknungssystem verbraucht 600 W pro Gestell und schaltet sich nach drei Stunden automatisch ab. So verbrauchen Sie nie unn\u00f6tig Strom.<\/p>","protected":false},"featured_media":546,"parent":0,"template":"","meta":{"_acf_changed":false,"_monsterinsights_skip_tracking":false,"_monsterinsights_sitenote_active":false,"_monsterinsights_sitenote_note":"","_monsterinsights_sitenote_category":0},"eigenschap":[],"product-categorie":[281],"class_list":["post-2824","product","type-product","status-publish","has-post-thumbnail","hentry","product-categorie-stal"],"acf":[],"_links":{"self":[{"href":"https:\/\/www.equitrend.nl\/de\/wp-json\/wp\/v2\/product\/2824","targetHints":{"allow":["GET"]}}],"collection":[{"href":"https:\/\/www.equitrend.nl\/de\/wp-json\/wp\/v2\/product"}],"about":[{"href":"https:\/\/www.equitrend.nl\/de\/wp-json\/wp\/v2\/types\/product"}],"wp:featuredmedia":[{"embeddable":true,"href":"https:\/\/www.equitrend.nl\/de\/wp-json\/wp\/v2\/media\/546"}],"wp:attachment":[{"href":"https:\/\/www.equitrend.nl\/de\/wp-json\/wp\/v2\/media?parent=2824"}],"wp:term":[{"taxonomy":"eigenschap","embeddable":true,"href":"https:\/\/www.equitrend.nl\/de\/wp-json\/wp\/v2\/eigenschap?post=2824"},{"taxonomy":"product-categorie","embeddable":true,"href":"https:\/\/www.equitrend.nl\/de\/wp-json\/wp\/v2\/product-categorie?post=2824"}],"curies":[{"name":"wp","href":"https:\/\/api.w.org\/{rel}","templated":true}]}}