{"id":2823,"date":"2017-12-21T10:21:51","date_gmt":"2017-12-21T09:21:51","guid":{"rendered":"https:\/\/www.equitrend.nl\/nieuw\/product\/kruiwagen-k600l-2w\/"},"modified":"2025-03-06T15:40:39","modified_gmt":"2025-03-06T14:40:39","slug":"schubkarre-k600l-2w","status":"publish","type":"product","link":"https:\/\/www.equitrend.nl\/de\/assortiment\/kruiwagen-k600l-2w\/","title":{"rendered":"Schubkarren - 600L"},"content":{"rendered":"<p>Der Transport gro\u00dfer Mengen ist mit dieser gro\u00dfen Schubkarre mit einem Fassungsverm\u00f6gen von 600 Litern kein Problem. Der Beh\u00e4lter ist aus Polyethylen gefertigt<b>\u00a0<\/b>und der Rahmen ist verzinkt. Daher kann diese Schubkarre definitiv einiges aushalten.<\/p>\n<p><strong>Der Komfort von zwei R\u00e4dern<\/strong><br \/>\nDa die Schubkarre zwei R\u00e4der hat, kann sie nicht umkippen. Egal, ob sie leer oder voll ist, Sie k\u00f6nnen die Schubkarre sogar mit einer Hand lenken. Praktisch, wenn man z. B. eine Mistgabel oder einen Besen zum n\u00e4chsten Stall bringen muss.<\/p>\n<p><strong>Starke R\u00e4der<\/strong><br \/>\nDa diese Schubkarre ein Fassungsverm\u00f6gen von 600 Litern hat, ist sie mit starken 4-lagigen Luftreifen ausgestattet. Sie verf\u00fcgen \u00fcber Stahlfelgen mit Kugellagern. Das macht die Schubkarre sehr geeignet f\u00fcr den t\u00e4glichen Gebrauch, sowohl drinnen als auch drau\u00dfen.<\/p>","protected":false},"featured_media":3339,"parent":0,"template":"","meta":{"_acf_changed":false,"_monsterinsights_skip_tracking":false,"_monsterinsights_sitenote_active":false,"_monsterinsights_sitenote_note":"","_monsterinsights_sitenote_category":0},"eigenschap":[],"product-categorie":[275],"class_list":["post-2823","product","type-product","status-publish","has-post-thumbnail","hentry","product-categorie-transport"],"acf":[],"_links":{"self":[{"href":"https:\/\/www.equitrend.nl\/de\/wp-json\/wp\/v2\/product\/2823","targetHints":{"allow":["GET"]}}],"collection":[{"href":"https:\/\/www.equitrend.nl\/de\/wp-json\/wp\/v2\/product"}],"about":[{"href":"https:\/\/www.equitrend.nl\/de\/wp-json\/wp\/v2\/types\/product"}],"wp:featuredmedia":[{"embeddable":true,"href":"https:\/\/www.equitrend.nl\/de\/wp-json\/wp\/v2\/media\/3339"}],"wp:attachment":[{"href":"https:\/\/www.equitrend.nl\/de\/wp-json\/wp\/v2\/media?parent=2823"}],"wp:term":[{"taxonomy":"eigenschap","embeddable":true,"href":"https:\/\/www.equitrend.nl\/de\/wp-json\/wp\/v2\/eigenschap?post=2823"},{"taxonomy":"product-categorie","embeddable":true,"href":"https:\/\/www.equitrend.nl\/de\/wp-json\/wp\/v2\/product-categorie?post=2823"}],"curies":[{"name":"wp","href":"https:\/\/api.w.org\/{rel}","templated":true}]}}