{"id":2821,"date":"2017-12-21T09:43:59","date_gmt":"2017-12-21T08:43:59","guid":{"rendered":"https:\/\/www.equitrend.nl\/nieuw\/product\/multi-mover\/"},"modified":"2025-02-26T11:08:23","modified_gmt":"2025-02-26T10:08:23","slug":"multi-mover","status":"publish","type":"product","link":"https:\/\/www.equitrend.nl\/de\/assortiment\/multi-mover\/","title":{"rendered":"Multi-Mover"},"content":{"rendered":"<p>Mit diesem Multi-Mover-Elektroschlepper k\u00f6nnen Sie Ihren Anh\u00e4nger und Trailer problemlos \u00fcber ebenes Gel\u00e4nde bewegen und man\u00f6vrieren. Dank der speziellen Reifen und des Antriebssystems kann der Multi-Mover sowohl auf hartem als auch auf weichem Untergrund eingesetzt werden. Ideal, wenn Sie Ihren Anh\u00e4nger bewegen wollen. So geht es einfacher und schneller, als wenn Sie es mit dem Auto machen.<\/p>\n<p><strong>Modelle<br \/>\n<\/strong>- Multi-Mover M (blau) - bis zu 1800 kg<br \/>\n- Multi-Mover L (gelb) - bis zu 2500 kg<\/p>\n<p><strong>Traktion<\/strong><br \/>\nDer Multi-Mover kann Lasten von bis zu 1800 kg (blaue Variante) oder 2500 kg (gelbe Variante) bewegen. Zum Vergleich: Ein 2-Pferde-Anh\u00e4nger wiegt leer zwischen 650 kg und 1020 kg. Sie m\u00fcssen Ihren Anh\u00e4nger also nicht mehr selbst schieben, sto\u00dfen oder ziehen.<\/p>\n<p><strong>Batterie<\/strong><br \/>\nDer Akku des Multi-Movers h\u00e4lt einen ganzen Arbeitstag lang. Mit dem mitgelieferten Ladeger\u00e4t ist der Multi-Mover nach nur 5 Stunden wieder einsatzbereit.<\/p>","protected":false},"featured_media":516,"parent":0,"template":"","meta":{"_acf_changed":false,"_monsterinsights_skip_tracking":false,"_monsterinsights_sitenote_active":false,"_monsterinsights_sitenote_note":"","_monsterinsights_sitenote_category":0},"eigenschap":[],"product-categorie":[275],"class_list":["post-2821","product","type-product","status-publish","has-post-thumbnail","hentry","product-categorie-transport"],"acf":[],"_links":{"self":[{"href":"https:\/\/www.equitrend.nl\/de\/wp-json\/wp\/v2\/product\/2821","targetHints":{"allow":["GET"]}}],"collection":[{"href":"https:\/\/www.equitrend.nl\/de\/wp-json\/wp\/v2\/product"}],"about":[{"href":"https:\/\/www.equitrend.nl\/de\/wp-json\/wp\/v2\/types\/product"}],"wp:featuredmedia":[{"embeddable":true,"href":"https:\/\/www.equitrend.nl\/de\/wp-json\/wp\/v2\/media\/516"}],"wp:attachment":[{"href":"https:\/\/www.equitrend.nl\/de\/wp-json\/wp\/v2\/media?parent=2821"}],"wp:term":[{"taxonomy":"eigenschap","embeddable":true,"href":"https:\/\/www.equitrend.nl\/de\/wp-json\/wp\/v2\/eigenschap?post=2821"},{"taxonomy":"product-categorie","embeddable":true,"href":"https:\/\/www.equitrend.nl\/de\/wp-json\/wp\/v2\/product-categorie?post=2821"}],"curies":[{"name":"wp","href":"https:\/\/api.w.org\/{rel}","templated":true}]}}