{"id":2820,"date":"2017-12-21T09:25:12","date_gmt":"2017-12-21T08:25:12","guid":{"rendered":"https:\/\/www.equitrend.nl\/nieuw\/product\/elektrische-kruiwagen\/"},"modified":"2026-01-22T13:03:24","modified_gmt":"2026-01-22T12:03:24","slug":"elektrische-schubkarre","status":"publish","type":"product","link":"https:\/\/www.equitrend.nl\/de\/assortiment\/elektrische-kruiwagen\/","title":{"rendered":"Elektrische Schubkarre"},"content":{"rendered":"<p><strong>Elektrische Schubkarre<\/strong><br \/>\nDie elektrische Schubkarre (600 Liter) macht das Ausmisten effizienter und weniger schwer. Sie k\u00f6nnen die voll beladene Schubkarre m\u00fchelos zum Misthaufen schieben. Sie schonen Ihren R\u00fccken und k\u00f6nnen die elektrische Schubkarre anheben, so dass Sie nicht laufen m\u00fcssen.<\/p>\n<p><strong>Doppelscharnier-Kippmulde\u00a0<\/strong><br \/>\nDurch die doppelscharnierte Kippmulde l\u00e4sst sich die elektrische Schubkarre sehr leicht entleeren. Wenn Sie die G\u00fcllegrube erreicht haben, k\u00f6nnen Sie die Kippmulde leicht mit der Hand umkippen. Sie steht fest auf den vier Luftreifen und ist gut ausbalanciert.<\/p>\n<p><strong>Lebensdauer der Batterie<\/strong><br \/>\nDie 24V-Batterien (2 St\u00fcck) halten bis zu 4-5 Stunden. Das reicht selbst f\u00fcr die gr\u00f6\u00dften St\u00e4lle aus, um sie alle zu misten. Au\u00dferdem ist diese elektrische Schubkarre gr\u00f6\u00dfer als eine normale Schubkarre, so dass Sie mehrere St\u00e4lle ausmisten k\u00f6nnen, bevor sie voll ist.<\/p>\n<p><img loading=\"lazy\" decoding=\"async\" class=\"alignnone size-full wp-image-1057\" src=\"https:\/\/www.equitrend.nl\/wp-content\/uploads\/2025\/02\/elektrotransport-equitrend-1.jpg\" alt=\"Schubkarre Pferdestall\" width=\"800\" height=\"532\" \/><\/p>\n<p><strong>Keine L\u00e4rmbel\u00e4stigung<br \/>\n<\/strong>Pferde m\u00f6gen keine lauten Ger\u00e4usche, Sie wahrscheinlich auch nicht. Deshalb ist es gut zu wissen, dass die Schubkarre eine Batterie hat, die praktisch keinen L\u00e4rm macht. Das ist ein gro\u00dfer Vorteil im Vergleich zu einer elektrischen Schubkarre mit einem Motor oder Benzin- oder Dieselmotor. Diese elektrische Schubkarre ist so leise, dass Ihre Pferde Sie beim Ausmisten nicht einmal bemerken werden, wenn Sie vorbeikommen.<\/p>\n<p><strong>Gro\u00df genug f\u00fcr 4 St\u00e4lle<\/strong><br \/>\nMit einer gro\u00dfz\u00fcgigen Gr\u00f6\u00dfe von 190 x 110 x 80 cm ist die elektrische Schubkarre gro\u00df genug, um bis zu 4 St\u00e4lle zu m\u00e4sten. Das bedeutet eine enorme Zeitersparnis, da Sie Ihre kleinere volle Schubkarre nicht mehr so oft zur G\u00fcllegrube schieben m\u00fcssen. Sie misten 4 St\u00e4lle aus und heben den Mist selbst aus dem Stall, indem Sie auf der Plattform stehen. Die Schubkarre ist so konzipiert, dass sie leicht durch die St\u00e4lle gefahren werden kann.<\/p>\n<p><strong>Vorw\u00e4rts und r\u00fcckw\u00e4rts<\/strong><br \/>\nDie elektrische Schubkarre hat zwei G\u00e4nge: vorw\u00e4rts und r\u00fcckw\u00e4rts. Wie schnell die Elektro-Schubkarre f\u00e4hrt, bestimmen Sie selbst. Indem Sie den Griff zu sich heranziehen, bestimmen Sie die Geschwindigkeit, mit der Sie oder Ihr Stallhelfer ganz entspannt zur G\u00fcllegrube fahren.<\/p>\n<p>Neben der elektrischen Schubkarre haben wir auch eine <a href=\"https:\/\/www.equitrend.nl\/de\/product\/elektro-futterwagen\/?term=transport\" target=\"_blank\" rel=\"noopener\">Elektro-Futterwagen<\/a> und eine <a href=\"https:\/\/www.equitrend.nl\/de\/product\/elektrisch-betriebener-strohwagen\/?term=transport\" target=\"_blank\" rel=\"noopener\">Elektrostrohwagen<\/a>.<\/p>","protected":false},"featured_media":3312,"parent":0,"template":"","meta":{"_acf_changed":false,"_monsterinsights_skip_tracking":false,"_monsterinsights_sitenote_active":false,"_monsterinsights_sitenote_note":"","_monsterinsights_sitenote_category":0},"eigenschap":[9],"product-categorie":[275],"class_list":["post-2820","product","type-product","status-publish","has-post-thumbnail","hentry","eigenschap-elektrisch","product-categorie-transport"],"acf":[],"_links":{"self":[{"href":"https:\/\/www.equitrend.nl\/de\/wp-json\/wp\/v2\/product\/2820","targetHints":{"allow":["GET"]}}],"collection":[{"href":"https:\/\/www.equitrend.nl\/de\/wp-json\/wp\/v2\/product"}],"about":[{"href":"https:\/\/www.equitrend.nl\/de\/wp-json\/wp\/v2\/types\/product"}],"wp:featuredmedia":[{"embeddable":true,"href":"https:\/\/www.equitrend.nl\/de\/wp-json\/wp\/v2\/media\/3312"}],"wp:attachment":[{"href":"https:\/\/www.equitrend.nl\/de\/wp-json\/wp\/v2\/media?parent=2820"}],"wp:term":[{"taxonomy":"eigenschap","embeddable":true,"href":"https:\/\/www.equitrend.nl\/de\/wp-json\/wp\/v2\/eigenschap?post=2820"},{"taxonomy":"product-categorie","embeddable":true,"href":"https:\/\/www.equitrend.nl\/de\/wp-json\/wp\/v2\/product-categorie?post=2820"}],"curies":[{"name":"wp","href":"https:\/\/api.w.org\/{rel}","templated":true}]}}