{"id":2819,"date":"2017-12-21T08:59:10","date_gmt":"2017-12-21T07:59:10","guid":{"rendered":"https:\/\/www.equitrend.nl\/nieuw\/product\/safety-wall\/"},"modified":"2017-12-21T08:59:10","modified_gmt":"2017-12-21T07:59:10","slug":"sicherheitswand","status":"publish","type":"product","link":"https:\/\/www.equitrend.nl\/de\/assortiment\/safety-wall\/","title":{"rendered":"Safety Wall"},"content":{"rendered":"<p>Die Safety Wall ist eine aus Kunststoff gefertigte Reithallenbande. Ihre wichtigsten Eigenschaften sind hohe Sicherheit und lange Lebensdauer. Die Installation einer Safety Wall macht das Reiten in der Halle sicherer und sorgt f\u00fcr weniger Wartungsarbeiten. 2009 wurde die Safety Wall f\u00fcr den Equitana Innovation Award nominiert.<\/p>\n<p><strong>Die Schutzwand ist in zwei Versionen erh\u00e4ltlich. Der Unterschied zwischen den Versionen liegt in den Farboptionen:<\/strong><\/p>\n<ul>\n<li>Safety Wall Pro: jede RAL-Farbe<\/li>\n<li>Sicherheitswand Budget: schwarz<\/li>\n<\/ul>\n<p><strong>Safety Wall T\u00fcrsystem<\/strong><br \/>\nDas Safety Wall T\u00fcrscharnier ist eine hervorragende Erg\u00e4nzung zur Safety Wall. Das einzigartige Scharnier sorgt daf\u00fcr, dass die Zugangst\u00fcr zum Reitplatz leicht ge\u00f6ffnet werden kann, ohne dass die T\u00fcr zur\u00fcckf\u00e4llt.<\/p>","protected":false},"featured_media":510,"parent":0,"template":"","meta":{"_acf_changed":false,"_monsterinsights_skip_tracking":false,"_monsterinsights_sitenote_active":false,"_monsterinsights_sitenote_note":"","_monsterinsights_sitenote_category":0},"eigenschap":[],"product-categorie":[277],"class_list":["post-2819","product","type-product","status-publish","has-post-thumbnail","hentry","product-categorie-rijbaan"],"acf":[],"_links":{"self":[{"href":"https:\/\/www.equitrend.nl\/de\/wp-json\/wp\/v2\/product\/2819","targetHints":{"allow":["GET"]}}],"collection":[{"href":"https:\/\/www.equitrend.nl\/de\/wp-json\/wp\/v2\/product"}],"about":[{"href":"https:\/\/www.equitrend.nl\/de\/wp-json\/wp\/v2\/types\/product"}],"wp:featuredmedia":[{"embeddable":true,"href":"https:\/\/www.equitrend.nl\/de\/wp-json\/wp\/v2\/media\/510"}],"wp:attachment":[{"href":"https:\/\/www.equitrend.nl\/de\/wp-json\/wp\/v2\/media?parent=2819"}],"wp:term":[{"taxonomy":"eigenschap","embeddable":true,"href":"https:\/\/www.equitrend.nl\/de\/wp-json\/wp\/v2\/eigenschap?post=2819"},{"taxonomy":"product-categorie","embeddable":true,"href":"https:\/\/www.equitrend.nl\/de\/wp-json\/wp\/v2\/product-categorie?post=2819"}],"curies":[{"name":"wp","href":"https:\/\/api.w.org\/{rel}","templated":true}]}}