{"id":2818,"date":"2017-12-21T08:50:36","date_gmt":"2017-12-21T07:50:36","guid":{"rendered":"https:\/\/www.equitrend.nl\/nieuw\/product\/elektrisch-aangedreven-strowagen\/"},"modified":"2026-01-22T13:03:36","modified_gmt":"2026-01-22T12:03:36","slug":"elektrisch-betriebener-strohwagen","status":"publish","type":"product","link":"https:\/\/www.equitrend.nl\/de\/assortiment\/elektrisch-aangedreven-strowagen\/","title":{"rendered":"Grossballenwagen mit elektroantrieb"},"content":{"rendered":"<p>Mit diesem Elektro-Gro\u00dfballenwagen transportieren Sie m\u00fchelos gro\u00dfe Stroh- oder Heuballen. Sie k\u00f6nnen sich auf die stabile Fahrerplatte stellen und den elektrischen Gro\u00dfballenwagen von dort aus einfach bedienen. Der Gro\u00dfballenwagen zeichnet sich durch gro\u00dfe Benutzerfreundlichkeit aus. So l\u00e4sst sich Stroh sowohl schneller als auch effizienter in St\u00e4lle verteilen.<\/p>\n<p><strong>Stumm<\/strong><br \/>\nDa der Gro\u00dfballenwagen elektrisch angetrieben wird und somit fast ger\u00e4uschlos ist, erschrecken sich die Pferde nicht, wenn Sie vorbeifahren. Der Gro\u00dfballenwagen verf\u00fcgt zudem \u00fcber einen starken Akku, der bis zu 8 Stunden h\u00e4lt<\/p>\n<p><strong>Nutzlast<\/strong><br \/>\nDie gro\u00dfe Ladefl\u00e4che von 200 cm oder 250 cm x 100 cm erm\u00f6glicht es Ihnen, bis zu 600 kg Stroh oder Heu schnell und sicher zu transportieren. Damit ist dieser Strohwagen besonders f\u00fcr gr\u00f6\u00dfere Pferdebetriebe mit vielen St\u00e4llen geeignet.<\/p>","protected":false},"featured_media":500,"parent":0,"template":"","meta":{"_acf_changed":false,"_monsterinsights_skip_tracking":false,"_monsterinsights_sitenote_active":false,"_monsterinsights_sitenote_note":"","_monsterinsights_sitenote_category":0},"eigenschap":[9],"product-categorie":[275],"class_list":["post-2818","product","type-product","status-publish","has-post-thumbnail","hentry","eigenschap-elektrisch","product-categorie-transport"],"acf":[],"_links":{"self":[{"href":"https:\/\/www.equitrend.nl\/de\/wp-json\/wp\/v2\/product\/2818","targetHints":{"allow":["GET"]}}],"collection":[{"href":"https:\/\/www.equitrend.nl\/de\/wp-json\/wp\/v2\/product"}],"about":[{"href":"https:\/\/www.equitrend.nl\/de\/wp-json\/wp\/v2\/types\/product"}],"wp:featuredmedia":[{"embeddable":true,"href":"https:\/\/www.equitrend.nl\/de\/wp-json\/wp\/v2\/media\/500"}],"wp:attachment":[{"href":"https:\/\/www.equitrend.nl\/de\/wp-json\/wp\/v2\/media?parent=2818"}],"wp:term":[{"taxonomy":"eigenschap","embeddable":true,"href":"https:\/\/www.equitrend.nl\/de\/wp-json\/wp\/v2\/eigenschap?post=2818"},{"taxonomy":"product-categorie","embeddable":true,"href":"https:\/\/www.equitrend.nl\/de\/wp-json\/wp\/v2\/product-categorie?post=2818"}],"curies":[{"name":"wp","href":"https:\/\/api.w.org\/{rel}","templated":true}]}}