{"id":2817,"date":"2017-12-21T08:01:32","date_gmt":"2017-12-21T07:01:32","guid":{"rendered":"https:\/\/www.equitrend.nl\/nieuw\/product\/elektrisch-aangedreven-voerwagen\/"},"modified":"2026-01-22T13:03:54","modified_gmt":"2026-01-22T12:03:54","slug":"elektro-futterwagen","status":"publish","type":"product","link":"https:\/\/www.equitrend.nl\/de\/assortiment\/elektrisch-aangedreven-voerwagen\/","title":{"rendered":"Futterwagen mit Elektroantrieb"},"content":{"rendered":"<p>Der Elektro-Futterwagen ist die L\u00f6sung f\u00fcr St\u00e4lle, in denen lange Strecken zur\u00fcckgelegt werden m\u00fcssen. Die M\u00f6glichkeit, ihn selbst zu fahren, bietet einen enormen Komfort. Dieser Elektro-Futterwagen kann sogar mit Leichtigkeit \u00fcber h\u00fcgeliges Terrain fahren.<\/p>\n<p><strong>Transport mehrerer Futtermittelarten<\/strong><br \/>\nDie Unterteilung in 3 F\u00e4cher erm\u00f6glicht es Ihnen, mehrere Futtersorten mitzuf\u00fchren. So k\u00f6nnen Sie alle Pferde in einer Runde f\u00fcttern, zum Beispiel mit Pellets, Hafer und M\u00fcsli.<\/p>\n<p><strong>Gesch\u00fctzt vor Sch\u00e4dlingen<\/strong><br \/>\nDer elektrische Futterwagen ist mit 2 Deckeln ausgestattet. So bleibt alles dicht verschlossen und Ungeziefer kann nicht an Ihr Futter gelangen.<\/p>","protected":false},"featured_media":3319,"parent":0,"template":"","meta":{"_acf_changed":false,"_monsterinsights_skip_tracking":false,"_monsterinsights_sitenote_active":false,"_monsterinsights_sitenote_note":"","_monsterinsights_sitenote_category":0},"eigenschap":[9],"product-categorie":[275],"class_list":["post-2817","product","type-product","status-publish","has-post-thumbnail","hentry","eigenschap-elektrisch","product-categorie-transport"],"acf":[],"_links":{"self":[{"href":"https:\/\/www.equitrend.nl\/de\/wp-json\/wp\/v2\/product\/2817","targetHints":{"allow":["GET"]}}],"collection":[{"href":"https:\/\/www.equitrend.nl\/de\/wp-json\/wp\/v2\/product"}],"about":[{"href":"https:\/\/www.equitrend.nl\/de\/wp-json\/wp\/v2\/types\/product"}],"wp:featuredmedia":[{"embeddable":true,"href":"https:\/\/www.equitrend.nl\/de\/wp-json\/wp\/v2\/media\/3319"}],"wp:attachment":[{"href":"https:\/\/www.equitrend.nl\/de\/wp-json\/wp\/v2\/media?parent=2817"}],"wp:term":[{"taxonomy":"eigenschap","embeddable":true,"href":"https:\/\/www.equitrend.nl\/de\/wp-json\/wp\/v2\/eigenschap?post=2817"},{"taxonomy":"product-categorie","embeddable":true,"href":"https:\/\/www.equitrend.nl\/de\/wp-json\/wp\/v2\/product-categorie?post=2817"}],"curies":[{"name":"wp","href":"https:\/\/api.w.org\/{rel}","templated":true}]}}