{"id":2816,"date":"2017-12-06T14:01:46","date_gmt":"2017-12-06T13:01:46","guid":{"rendered":"https:\/\/www.equitrend.nl\/nieuw\/product\/equi-lizer\/"},"modified":"2025-02-25T16:53:43","modified_gmt":"2025-02-25T15:53:43","slug":"ausruster","status":"publish","type":"product","link":"https:\/\/www.equitrend.nl\/de\/assortiment\/equi-lizer\/","title":{"rendered":"Equi-lizer mit Standard-planierger\u00e4t"},"content":{"rendered":"<p>Ein gut gepflegter Reithallenboden macht viel (Hand-)Arbeit. Mit unserem Equi-lizer wird die Pflege wesentlich einfacher. Dieser Reitbahnplaner ist dank seiner geringen Abmessungen sehr handlich und passt sogar durch einen 1,25 m breiten Gang. Dadurch ist dieses Ger\u00e4t auch bestens f\u00fcr F\u00fchranlagen und Longierzirkel geeignet. An der Vorderseite des Equi-lizers mit FLC-Planierger\u00e4t befindet sich ein zus\u00e4tzliches Gewicht, um ein Umkippen zu verhindern.<\/p>\n<p><strong>Serienm\u00e4\u00dfige Ausstattung<\/strong><\/p>\n<ul>\n<li>Hufeisenschaufel - Harke - Planierger\u00e4t<\/li>\n<li>Hydraulische Ger\u00e4testeuerung<\/li>\n<li>Leichte Lenkung<\/li>\n<li>Vorderrad in Gabelfederung<\/li>\n<li>Felgen mit Mutterbefestigung<\/li>\n<li>Schnellkupplung f\u00fcr Rake - Drag<\/li>\n<\/ul>\n<p><strong>Werkzeuge<\/strong><\/p>\n<ul>\n<li>Harke mit d\u00fcnnen Stiften<\/li>\n<li>Harke mit gebogenen Stiften<\/li>\n<li>Hufeisenschieber<\/li>\n<li>Nivelliermatte<\/li>\n<li>Schlaf<\/li>\n<li>Harke und Nivellierer<\/li>\n<\/ul>","protected":false},"featured_media":490,"parent":0,"template":"","meta":{"_acf_changed":false,"_monsterinsights_skip_tracking":false,"_monsterinsights_sitenote_active":false,"_monsterinsights_sitenote_note":"","_monsterinsights_sitenote_category":0},"eigenschap":[],"product-categorie":[273],"class_list":["post-2816","product","type-product","status-publish","has-post-thumbnail","hentry","product-categorie-bodemvlakkers"],"acf":[],"_links":{"self":[{"href":"https:\/\/www.equitrend.nl\/de\/wp-json\/wp\/v2\/product\/2816","targetHints":{"allow":["GET"]}}],"collection":[{"href":"https:\/\/www.equitrend.nl\/de\/wp-json\/wp\/v2\/product"}],"about":[{"href":"https:\/\/www.equitrend.nl\/de\/wp-json\/wp\/v2\/types\/product"}],"wp:featuredmedia":[{"embeddable":true,"href":"https:\/\/www.equitrend.nl\/de\/wp-json\/wp\/v2\/media\/490"}],"wp:attachment":[{"href":"https:\/\/www.equitrend.nl\/de\/wp-json\/wp\/v2\/media?parent=2816"}],"wp:term":[{"taxonomy":"eigenschap","embeddable":true,"href":"https:\/\/www.equitrend.nl\/de\/wp-json\/wp\/v2\/eigenschap?post=2816"},{"taxonomy":"product-categorie","embeddable":true,"href":"https:\/\/www.equitrend.nl\/de\/wp-json\/wp\/v2\/product-categorie?post=2816"}],"curies":[{"name":"wp","href":"https:\/\/api.w.org\/{rel}","templated":true}]}}