{"id":33,"date":"2025-01-16T09:09:18","date_gmt":"2025-01-16T09:09:18","guid":{"rendered":"https:\/\/www.equitrend.nl\/nieuw\/?page_id=33"},"modified":"2026-01-28T09:31:27","modified_gmt":"2026-01-28T08:31:27","slug":"kontakt","status":"publish","type":"page","link":"https:\/\/www.equitrend.nl\/de\/contact\/","title":{"rendered":"Kontakt"},"content":{"rendered":"<div id='av-layout-grid-1'  class='av-layout-grid-container av-2w0jp-e59c2e75b7cb4fdd1388b252310fb0bd entry-content-wrapper main_color av-flex-cells  avia-builder-el-0  el_before_av_section  avia-builder-el-first  banner-element av-grid-order-reverse  container_wrap fullsize'  >\n\n<style type=\"text\/css\" data-created_by=\"avia_inline_auto\" id=\"style-css-av-868l-cc7b4999cc1d66c3c10d213a54fd9335\">\n.flex_cell.av-868l-cc7b4999cc1d66c3c10d213a54fd9335{\nvertical-align:top;\nheight:560px;\nmin-height:560px;\n}\n.responsive #top #wrap_all .flex_cell.av-868l-cc7b4999cc1d66c3c10d213a54fd9335{\npadding:120px 80px 120px 80px !important;\n}\n\n@media only screen and (min-width: 480px) and (max-width: 767px){ \n.responsive #top #wrap_all .flex_cell.av-868l-cc7b4999cc1d66c3c10d213a54fd9335{\npadding:60px 40px 60px 40px !important;\n}\n}\n\n@media only screen and (max-width: 479px){ \n.responsive #top #wrap_all .flex_cell.av-868l-cc7b4999cc1d66c3c10d213a54fd9335{\npadding:60px 40px 60px 40px !important;\n}\n}\n<\/style>\n<div class='flex_cell av-868l-cc7b4999cc1d66c3c10d213a54fd9335 av-gridrow-cell av_two_fifth no_margin  avia-builder-el-1  el_before_av_cell_three_fifth  avia-builder-el-first  banner-content content-align-top'  ><div class='flex_cell_inner'><p>\n<style type=\"text\/css\" data-created_by=\"avia_inline_auto\" id=\"style-css-av-m64wy0fe-73d9b864f8313404a6d6e8650224f7d9\">\n#top .av-special-heading.av-m64wy0fe-73d9b864f8313404a6d6e8650224f7d9{\npadding-bottom:10px;\nfont-size:56px;\n}\nbody .av-special-heading.av-m64wy0fe-73d9b864f8313404a6d6e8650224f7d9 .av-special-heading-tag .heading-char{\nfont-size:25px;\n}\n#top #wrap_all .av-special-heading.av-m64wy0fe-73d9b864f8313404a6d6e8650224f7d9 .av-special-heading-tag{\nfont-size:56px;\n}\n.av-special-heading.av-m64wy0fe-73d9b864f8313404a6d6e8650224f7d9 .av-subheading{\nfont-size:15px;\n}\n\n@media only screen and (min-width: 480px) and (max-width: 767px){ \n#top #wrap_all .av-special-heading.av-m64wy0fe-73d9b864f8313404a6d6e8650224f7d9 .av-special-heading-tag{\nfont-size:0.8em;\n}\n}\n\n@media only screen and (max-width: 479px){ \n#top #wrap_all .av-special-heading.av-m64wy0fe-73d9b864f8313404a6d6e8650224f7d9 .av-special-heading-tag{\nfont-size:0.8em;\n}\n}\n<\/style>\n<div  class='av-special-heading av-m64wy0fe-73d9b864f8313404a6d6e8650224f7d9 av-special-heading-h1 blockquote modern-quote  avia-builder-el-2  el_before_av_hr  avia-builder-el-first  av-inherit-size'><h1 class='av-special-heading-tag'  itemprop=\"headline\"  >Wir w\u00fcrden uns freuen, mit Ihnen in Kontakt zu treten!<\/h1><div class=\"special-heading-border\"><div class=\"special-heading-inner-border\"><\/div><\/div><\/div><br \/>\n\n<style type=\"text\/css\" data-created_by=\"avia_inline_auto\" id=\"style-css-av-m64wzm9b-23586a5f6d2f7a267dec01773ec7ef94\">\n#top .hr.hr-invisible.av-m64wzm9b-23586a5f6d2f7a267dec01773ec7ef94{\nmargin-top:-20px;\nheight:1px;\n}\n<\/style>\n<div  class='hr av-m64wzm9b-23586a5f6d2f7a267dec01773ec7ef94 hr-invisible  avia-builder-el-3  el_after_av_heading  el_before_av_textblock'><span class='hr-inner'><span class=\"hr-inner-style\"><\/span><\/span><\/div><br \/>\n<section  class='av_textblock_section av-m64wyczo-65eb2e583bae7c5f793215b8b69d7a1f'   itemscope=\"itemscope\" itemtype=\"https:\/\/schema.org\/CreativeWork\" ><div class='avia_textblock'  itemprop=\"text\" ><p>Binnenveld 17<br \/>\n5462 GK Veghel, die Niederlande<br \/>\n+31(0)413 355746<br \/>\n<a href=\"mailto:info@equitrend.nl\">info@equitrend.nl<\/a><\/p>\n<p>MEHRWERTSTEUER: NL001889338B34<br \/>\nHandelskammer: 16083709<\/p>\n<\/div><\/section><br \/>\n\n<style type=\"text\/css\" data-created_by=\"avia_inline_auto\" id=\"style-css-av-1kt5x-52c91075488c41447c6bb508d289dfd4\">\n#top .hr.hr-invisible.av-1kt5x-52c91075488c41447c6bb508d289dfd4{\nheight:20px;\n}\n<\/style>\n<div  class='hr av-1kt5x-52c91075488c41447c6bb508d289dfd4 hr-invisible  avia-builder-el-5  el_after_av_textblock  el_before_av_button'><span class='hr-inner'><span class=\"hr-inner-style\"><\/span><\/span><\/div><br \/>\n<div  class='avia-button-wrap av-m64wylup-999391c532b702f6f2ee75b512b780c5-wrap avia-button-left  avia-builder-el-6  el_after_av_hr  avia-builder-el-last'><a href='https:\/\/www.equitrend.nl\/de\/demonstratie-aanvragen\/'  class='avia-button av-m64wylup-999391c532b702f6f2ee75b512b780c5 av-link-btn avia-icon_select-no avia-size-small avia-position-left avia-color-theme-color-highlight'   aria-label=\"Beantragung einer Vorf\u00fchrung &lt;i class=&quot;fa-regular fa-arrow-right&quot;&gt;&lt;\/i&gt;\"><span class='avia_iconbox_title' >Anfordern einer Vorf\u00fchrung <i class=\"fa-regular fa-arrow-right\"><\/i><\/span><\/a><\/div><\/p>\n<\/div><\/div>\n<style type=\"text\/css\" data-created_by=\"avia_inline_auto\" id=\"style-css-av-u5ad-8149f384e8be7e9e742a141b47efb483\">\n.flex_cell.av-u5ad-8149f384e8be7e9e742a141b47efb483{\nvertical-align:top;\nheight:560px;\nmin-height:560px;\nbackground:url(https:\/\/www.equitrend.nl\/wp-content\/uploads\/2025\/02\/346A1482-scaled.jpg) 50% 50% no-repeat scroll ;\n}\n<\/style>\n<div class='flex_cell av-u5ad-8149f384e8be7e9e742a141b47efb483 av-gridrow-cell av_three_fifth no_margin  avia-builder-el-7  el_after_av_cell_two_fifth  avia-builder-el-last  banner-img content-align-top avia-full-stretch'  ><div class='flex_cell_inner'><\/div><\/div><\/div><div id='contact'  class='avia-section av-v18d-873428c8e738ad1bb30166717438fab6 main_color avia-section-default avia-no-border-styling  avia-builder-el-8  el_after_av_layout_row  el_before_av_section  max-width avia-bg-style-scroll container_wrap fullsize'  ><div class='container av-section-cont-open' ><div class='template-page content  av-content-full alpha units'><div class='post-entry post-entry-type-page post-entry-33'><div class='entry-content-wrapper clearfix'>\n\n<style type=\"text\/css\" data-created_by=\"avia_inline_auto\" id=\"style-css-av-m64xteg2-d43638330ce8558af186036036d49258\">\n.flex_column.av-m64xteg2-d43638330ce8558af186036036d49258{\npadding:60px 40px 80px 40px;\nbackground-color:#ffffff;\n}\n.flex_column.av-m64xteg2-d43638330ce8558af186036036d49258 .avia-divider-svg-bottom svg{\nheight:40px;\nfill:#eef2fa;\n}\n<\/style>\n<div  class='flex_column av-m64xteg2-d43638330ce8558af186036036d49258 av_one_full  avia-builder-el-9  avia-builder-el-no-sibling  first flex_column_div'     ><div class='avia-divider-svg avia-divider-svg-tilt avia-divider-svg-bottom avia-flipped-svg avia-svg-original'><svg xmlns=\"http:\/\/www.w3.org\/2000\/svg\" viewbox=\"0 0 1000 100\" preserveaspectratio=\"none\">\n\t<path d=\"M0,6V0h1000v100L0,6z\"\/>\n<\/svg><\/div><section  class='av_textblock_section av-m64xu5i8-46726672a9b94279820cf2f48f16378d'   itemscope=\"itemscope\" itemtype=\"https:\/\/schema.org\/CreativeWork\" ><div class='avia_textblock'  itemprop=\"text\" ><h2>Senden Sie uns eine Nachricht<\/h2>\n<p>Haben Sie eine Frage oder w\u00fcnschen Sie weitere Informationen? Sagen Sie uns, was Sie wissen m\u00f6chten, und wir werden uns so schnell wie m\u00f6glich bei Ihnen melden.<\/p>\n<\/div><\/section><br \/>\n<\/p><\/div>\n<\/p>\n<\/div><\/div><\/div><!-- close content main div --><\/div><\/div>\n<style type=\"text\/css\" data-created_by=\"avia_inline_auto\" id=\"style-css-av-68d6p-9d4fa9199b98a53e2fac691ab574247a\">\n.avia-section.av-68d6p-9d4fa9199b98a53e2fac691ab574247a{\nbackground-color:#eef2fa;\nbackground-image:unset;\n}\n<\/style>\n<div id='av_section_2'  class='avia-section av-68d6p-9d4fa9199b98a53e2fac691ab574247a alternate_color avia-section-default avia-no-border-styling  avia-builder-el-12  el_after_av_section  avia-builder-el-last  avia-bg-style-scroll container_wrap fullsize'  ><div class='container av-section-cont-open' ><div class='template-page content  av-content-full alpha units'><div class='post-entry post-entry-type-page post-entry-33'><div class='entry-content-wrapper clearfix'>\n<div  class='flex_column av-55l9x-fbda43a0a631b39a7041aa4bcd861333 av_one_full  avia-builder-el-13  el_before_av_one_third  avia-builder-el-first  first flex_column_div'     ><style type=\"text\/css\" data-created_by=\"avia_inline_auto\" id=\"style-css-av-4hlxd-3d585807d24b45a77509938376ad1e83\">\n#top .av-special-heading.av-4hlxd-3d585807d24b45a77509938376ad1e83{\npadding-bottom:10px;\ncolor:#02417c;\n}\nbody .av-special-heading.av-4hlxd-3d585807d24b45a77509938376ad1e83 .av-special-heading-tag .heading-char{\nfont-size:25px;\n}\n.av-special-heading.av-4hlxd-3d585807d24b45a77509938376ad1e83 .special-heading-inner-border{\nborder-color:#02417c;\n}\n.av-special-heading.av-4hlxd-3d585807d24b45a77509938376ad1e83 .av-subheading{\nfont-size:22px;\ncolor:#0060bc;\n}\n<\/style>\n<div  class='av-special-heading av-4hlxd-3d585807d24b45a77509938376ad1e83 av-special-heading-h2 custom-color-heading blockquote modern-quote  avia-builder-el-14  avia-builder-el-no-sibling'><div class='av_custom_color av-subheading av-subheading_above'><p>Einzigartig auf dem Markt<\/p>\n<\/div><h2 class='av-special-heading-tag'  itemprop=\"headline\"  >Unsere absoluten Verkaufsschlager<\/h2><div class=\"special-heading-border\"><div class=\"special-heading-inner-border\"><\/div><\/div><\/div><\/div><div class='flex_column_table av-43om5-74d81e313c9ea2fc3afeed15bb7c6ae7 sc-av_one_third av-equal-height-column-flextable'>\n<style type=\"text\/css\" data-created_by=\"avia_inline_auto\" id=\"style-css-av-43om5-74d81e313c9ea2fc3afeed15bb7c6ae7\">\n#top .flex_column_table.av-equal-height-column-flextable.av-43om5-74d81e313c9ea2fc3afeed15bb7c6ae7{\nmargin-top:20px;\nmargin-bottom:50px;\n}\n.flex_column.av-43om5-74d81e313c9ea2fc3afeed15bb7c6ae7{\nwidth:30.666666666667%;\nmargin-left:0;\npadding:30px 30px 30px 30px;\nheight:480px;\nbackground:url(https:\/\/www.equitrend.nl\/wp-content\/uploads\/2025\/02\/equi-lizer.png) 50% 50% no-repeat scroll #ffffff;\n}\n#top .flex_column_table.av-equal-height-column-flextable.av-43om5-74d81e313c9ea2fc3afeed15bb7c6ae7 .av-flex-placeholder{\nwidth:4%;\n}\n\n@media only screen and (min-width: 480px) and (max-width: 767px){ \n#top .flex_column_table.av-equal-height-column-flextable.av-43om5-74d81e313c9ea2fc3afeed15bb7c6ae7{\nmargin-bottom:0px;\n}\n}\n\n@media only screen and (max-width: 479px){ \n#top .flex_column_table.av-equal-height-column-flextable.av-43om5-74d81e313c9ea2fc3afeed15bb7c6ae7{\nmargin-bottom:0px;\n}\n}\n<\/style>\n<div  class='flex_column av-43om5-74d81e313c9ea2fc3afeed15bb7c6ae7 av_one_third  avia-builder-el-15  el_after_av_one_full  el_before_av_one_third  green first flex_column_table_cell av-equal-height-column av-align-top avia-full-stretch  column-top-margin'     ><section  class='av_textblock_section av-39259-d6aed8ba317e14ec84e3e6c5f8d4fef8'   itemscope=\"itemscope\" itemtype=\"https:\/\/schema.org\/CreativeWork\" ><div class='avia_textblock'  itemprop=\"text\" ><h3>Equi-Lizer<\/h3>\n<ul>\n<li>Reitbahnplaner<\/li>\n<li>Schnell, effizient und einfach<\/li>\n<\/ul>\n<\/div><\/section><\/div><div class='av-flex-placeholder'><\/div>\n<style type=\"text\/css\" data-created_by=\"avia_inline_auto\" id=\"style-css-av-2hu1x-fcd9a5cfadc6ad0ff32cd8d60cc8d27b\">\n#top .flex_column_table.av-equal-height-column-flextable.av-2hu1x-fcd9a5cfadc6ad0ff32cd8d60cc8d27b{\nmargin-top:20px;\nmargin-bottom:50px;\n}\n.flex_column.av-2hu1x-fcd9a5cfadc6ad0ff32cd8d60cc8d27b{\nwidth:30.666666666667%;\nmargin-left:0;\npadding:30px 30px 30px 30px;\nheight:480px;\nbackground:url(https:\/\/www.equitrend.nl\/wp-content\/uploads\/2025\/02\/Kruiwagen-1.png) 50% 50% no-repeat scroll #ffffff;\n}\n#top .flex_column_table.av-equal-height-column-flextable.av-2hu1x-fcd9a5cfadc6ad0ff32cd8d60cc8d27b .av-flex-placeholder{\nwidth:4%;\n}\n\n@media only screen and (min-width: 480px) and (max-width: 767px){ \n#top .flex_column_table.av-equal-height-column-flextable.av-2hu1x-fcd9a5cfadc6ad0ff32cd8d60cc8d27b{\nmargin-bottom:0px;\n}\n}\n\n@media only screen and (max-width: 479px){ \n#top .flex_column_table.av-equal-height-column-flextable.av-2hu1x-fcd9a5cfadc6ad0ff32cd8d60cc8d27b{\nmargin-bottom:0px;\n}\n}\n<\/style>\n<div  class='flex_column av-2hu1x-fcd9a5cfadc6ad0ff32cd8d60cc8d27b av_one_third  avia-builder-el-17  el_after_av_one_third  el_before_av_one_third  green flex_column_table_cell av-equal-height-column av-align-top avia-full-stretch  column-top-margin'     ><section  class='av_textblock_section av-1ze8p-8ec6dd26befb5124374297455d7bf79c'   itemscope=\"itemscope\" itemtype=\"https:\/\/schema.org\/CreativeWork\" ><div class='avia_textblock'  itemprop=\"text\" ><h3>Schubkarre<\/h3>\n<ul>\n<li>Elektrisch betrieben<\/li>\n<li>Stabil, schnell und einfach<\/li>\n<\/ul>\n<\/div><\/section><\/div><div class='av-flex-placeholder'><\/div>\n<style type=\"text\/css\" data-created_by=\"avia_inline_auto\" id=\"style-css-av-1cgxl-89d2f7bdd9802a1d724442d422006c85\">\n#top .flex_column_table.av-equal-height-column-flextable.av-1cgxl-89d2f7bdd9802a1d724442d422006c85{\nmargin-top:20px;\nmargin-bottom:50px;\n}\n.flex_column.av-1cgxl-89d2f7bdd9802a1d724442d422006c85{\nwidth:30.666666666667%;\nmargin-left:0;\npadding:30px 30px 30px 30px;\nheight:480px;\nbackground:url(https:\/\/www.equitrend.nl\/wp-content\/uploads\/2025\/02\/strowagen.png) 50% 50% no-repeat scroll #ffffff;\n}\n#top .flex_column_table.av-equal-height-column-flextable.av-1cgxl-89d2f7bdd9802a1d724442d422006c85 .av-flex-placeholder{\nwidth:4%;\n}\n\n@media only screen and (min-width: 480px) and (max-width: 767px){ \n#top .flex_column_table.av-equal-height-column-flextable.av-1cgxl-89d2f7bdd9802a1d724442d422006c85{\nmargin-bottom:0px;\n}\n}\n\n@media only screen and (max-width: 479px){ \n#top .flex_column_table.av-equal-height-column-flextable.av-1cgxl-89d2f7bdd9802a1d724442d422006c85{\nmargin-bottom:0px;\n}\n}\n<\/style>\n<div  class='flex_column av-1cgxl-89d2f7bdd9802a1d724442d422006c85 av_one_third  avia-builder-el-19  el_after_av_one_third  avia-builder-el-last  green strowagen flex_column_table_cell av-equal-height-column av-align-top avia-full-stretch  column-top-margin'     ><section  class='av_textblock_section av-spa5-f849c9d50f424cc0e4453682b6de5523'   itemscope=\"itemscope\" itemtype=\"https:\/\/schema.org\/CreativeWork\" ><div class='avia_textblock'  itemprop=\"text\" ><h3>Grossballenwagen<\/h3>\n<ul>\n<li>Elektrisch betrieben<\/li>\n<li>Sicher, leise und effizient<\/li>\n<\/ul>\n<\/div><\/section><\/div><\/div><!--close column table wrapper. Autoclose: 1 -->","protected":false},"excerpt":{"rendered":"","protected":false},"author":1,"featured_media":0,"parent":0,"menu_order":0,"comment_status":"closed","ping_status":"closed","template":"","meta":{"_acf_changed":false,"_monsterinsights_skip_tracking":false,"_monsterinsights_sitenote_active":false,"_monsterinsights_sitenote_note":"","_monsterinsights_sitenote_category":0,"footnotes":""},"class_list":["post-33","page","type-page","status-publish","hentry"],"acf":[],"_links":{"self":[{"href":"https:\/\/www.equitrend.nl\/de\/wp-json\/wp\/v2\/pages\/33","targetHints":{"allow":["GET"]}}],"collection":[{"href":"https:\/\/www.equitrend.nl\/de\/wp-json\/wp\/v2\/pages"}],"about":[{"href":"https:\/\/www.equitrend.nl\/de\/wp-json\/wp\/v2\/types\/page"}],"author":[{"embeddable":true,"href":"https:\/\/www.equitrend.nl\/de\/wp-json\/wp\/v2\/users\/1"}],"replies":[{"embeddable":true,"href":"https:\/\/www.equitrend.nl\/de\/wp-json\/wp\/v2\/comments?post=33"}],"version-history":[{"count":28,"href":"https:\/\/www.equitrend.nl\/de\/wp-json\/wp\/v2\/pages\/33\/revisions"}],"predecessor-version":[{"id":4204,"href":"https:\/\/www.equitrend.nl\/de\/wp-json\/wp\/v2\/pages\/33\/revisions\/4204"}],"wp:attachment":[{"href":"https:\/\/www.equitrend.nl\/de\/wp-json\/wp\/v2\/media?parent=33"}],"curies":[{"name":"wp","href":"https:\/\/api.w.org\/{rel}","templated":true}]}}