{"id":3,"date":"2025-01-15T16:16:52","date_gmt":"2025-01-15T16:16:52","guid":{"rendered":"https:\/\/www.equitrend.nl\/nieuw\/?page_id=3"},"modified":"2025-02-25T21:25:47","modified_gmt":"2025-02-25T20:25:47","slug":"erklarung-zum-datenschutz","status":"publish","type":"page","link":"https:\/\/www.equitrend.nl\/de\/privacyverklaring\/","title":{"rendered":"Erkl\u00e4rung zum Datenschutz"},"content":{"rendered":"<div id='av_section_1'  class='avia-section av-alrz-b234723d4a22e3fa6ca8423406e9a1e0 main_color avia-section-default avia-no-border-styling  avia-builder-el-0  avia-builder-el-no-sibling  avia-bg-style-scroll container_wrap fullsize'  ><div class='container av-section-cont-open' ><main  role=\"main\" itemprop=\"mainContentOfPage\"  class='template-page content  av-content-full alpha units'><div class='post-entry post-entry-type-page post-entry-3'><div class='entry-content-wrapper clearfix'>\n<div  class='flex_column av-ror-4ba510b1e4f6fe71b08b61949d6ec84b av_one_fifth  avia-builder-el-1  el_before_av_three_fifth  avia-builder-el-first  first flex_column_div'     ><\/div><div  class='flex_column av-4nuv-2a99ac4d49b2f265792c0727de81f214 av_three_fifth  avia-builder-el-2  el_after_av_one_fifth  el_before_av_one_fifth  flex_column_div'     ><section  class='av_textblock_section av-m7kxobw5-7a1f0ff4b51f0db9e0122dfe812e1730'   itemscope=\"itemscope\" itemtype=\"https:\/\/schema.org\/CreativeWork\" ><div class='avia_textblock'  itemprop=\"text\" ><h1>Datenschutzerkl\u00e4rung Equitrend<\/h1>\n<p>Equitrend mit Sitz in Binnenveld 17, 5462 GK, Veghel, Niederlande, ist f\u00fcr die Verarbeitung der in dieser Datenschutzerkl\u00e4rung genannten personenbezogenen Daten verantwortlich.<\/p>\n<h2>Kontaktangaben<\/h2>\n<p>Binnenveld 17<br \/>\n5462 GK, Veghel<br \/>\nNiederlande<\/p>\n<p><a href=\"mailto:info@equitrend.nl\">info@equitrend.nl<\/a><br \/>\nwww.equitrend.nl<br \/>\n+31(0)413 355746<\/p>\n<h3>Datenschutzbeauftragter<\/h3>\n<p>Rob Pijnappels ist der Datenschutzbeauftragte von Equitrend. Sie k\u00f6nnen ihn unter info@equitrend.nl erreichen.<\/p>\n<h3>Von uns verarbeitete personenbezogene Daten<\/h3>\n<p>Equitrend verarbeitet Ihre personenbezogenen Daten, weil Sie unsere Dienstleistungen in Anspruch nehmen und\/oder weil Sie sie uns selbst zur Verf\u00fcgung stellen. Im Folgenden finden Sie einen \u00dcberblick \u00fcber die personenbezogenen Daten, die wir verarbeiten:<\/p>\n<ul>\n<li>Vorname und Nachname<\/li>\n<li>Geschlecht<\/li>\n<li>Datum der Geburt<\/li>\n<li>Ort der Geburt<\/li>\n<li>Angaben zur Adresse<\/li>\n<li>Rufnummer<\/li>\n<li>E-Mail Adresse<\/li>\n<li>Bankkontonummer<\/li>\n<li>IP-Adresse<\/li>\n<li>Details zum Standort<\/li>\n<li>Daten \u00fcber Ihre Aktivit\u00e4ten auf unserer Website<\/li>\n<li>Liste der Kundenkontaktdaten \u00fcber eine App<\/li>\n<li>Internet-Browser und Ger\u00e4tetyp<\/li>\n<li>Daten \u00fcber Ihr Surfverhalten auf verschiedenen Websites (z. B. weil dieses Unternehmen Teil eines Werbenetzwerks ist)<\/li>\n<li>Sonstige personenbezogene Daten, die Sie uns aktiv zur Verf\u00fcgung stellen, z. B. durch die Erstellung eines Profils auf dieser Website, im Schriftverkehr und per Telefon<\/li>\n<\/ul>\n<h3>Besondere und\/oder sensible personenbezogene Daten, die wir verarbeiten<\/h3>\n<p>Unsere Website und\/oder unser Dienst haben nicht die Absicht, Daten von Website-Besuchern zu sammeln, die unter 16 Jahre alt sind. Es sei denn, sie haben die Zustimmung ihrer Eltern oder Erziehungsberechtigten. Wir k\u00f6nnen jedoch nicht \u00fcberpr\u00fcfen, ob ein Besucher \u00e4lter als 16 Jahre ist. Wir raten daher den Eltern, die Online-Aktivit\u00e4ten ihrer Kinder zu \u00fcberwachen, um zu vermeiden, dass Daten von Kindern ohne elterliche Zustimmung erfasst werden. Wenn Sie davon \u00fcberzeugt sind, dass wir personenbezogene Daten \u00fcber einen Minderj\u00e4hrigen ohne eine solche Zustimmung gesammelt haben, wenden Sie sich bitte an info@equitrend.nl, und wir werden diese Informationen l\u00f6schen.<\/p>\n<h4>Zu welchem Zweck und auf welcher Grundlage verarbeiten wir personenbezogene Daten. Equitrend verarbeitet Ihre personenbezogenen Daten f\u00fcr die folgenden Zwecke:<\/h4>\n<ul>\n<li>Abwicklung Ihrer Zahlung<\/li>\n<li>Zusendung unseres Newsletters und\/oder Werbeprospekts<\/li>\n<li>Sie anzurufen oder per E-Mail zu kontaktieren, wenn dies zur Erbringung unserer Dienstleistungen erforderlich ist<\/li>\n<li>Information \u00fcber \u00c4nderungen an unseren Dienstleistungen und Produkten<\/li>\n<li>Um Ihnen Waren und Dienstleistungen zu liefern<\/li>\n<li>Equitrend analysiert Ihr Verhalten auf der Website, um die Website zu verbessern und das Angebot an Produkten und Dienstleistungen auf Ihre Pr\u00e4ferenzen zuzuschneiden.<\/li>\n<li>Equitrend verarbeitet auch personenbezogene Daten, wenn wir gesetzlich dazu verpflichtet sind, wie z. B. Daten, die wir f\u00fcr unsere Steuererkl\u00e4rung ben\u00f6tigen.<\/li>\n<\/ul>\n<h3>Automatisierte Entscheidungsfindung<\/h3>\n<p>Equitrend trifft keine Entscheidungen in Angelegenheiten, die Einzelpersonen (erheblich) beeintr\u00e4chtigen k\u00f6nnten, auf der Grundlage einer automatisierten Verarbeitung. Dies sind Entscheidungen, die von Computerprogrammen oder -systemen getroffen werden, ohne dass ein Mensch (z. B. ein Mitarbeiter von Equitrend) daran beteiligt ist.<\/p>\n<h3>Wie lange wir personenbezogene Daten aufbewahren<\/h3>\n<p>Equitrend bewahrt Ihre personenbezogenen Daten nicht l\u00e4nger auf, als es f\u00fcr die Erf\u00fcllung der Zwecke, f\u00fcr die Ihre Daten erhoben wurden, unbedingt erforderlich ist. Wir verwenden die folgenden Aufbewahrungsfristen f\u00fcr die folgenden (Kategorien von) personenbezogenen Daten:<\/p>\n<ul>\n<li>Personenbezogene Daten &gt; 7 Jahre &gt; Steuerbeh\u00f6rden<\/li>\n<li>Adresse &gt; 7 Jahre &gt; Steuerbeh\u00f6rden<\/li>\n<li>Sonstige Daten &gt; 7 Jahre &gt; F\u00fcr die Zwecke der Gesch\u00e4ftsabwicklung<\/li>\n<li>Weitergabe personenbezogener Daten an Dritte<\/li>\n<\/ul>\n<p>Equitrend verkauft Ihre Daten nicht an Dritte und stellt sie nur zur Verf\u00fcgung, wenn dies f\u00fcr die Erf\u00fcllung unserer Vereinbarung mit Ihnen oder zur Erf\u00fcllung einer gesetzlichen Verpflichtung erforderlich ist. Wir schlie\u00dfen mit Unternehmen, die Ihre Daten in unserem Auftrag verarbeiten, einen Auftragsverarbeitungsvertrag ab, um das gleiche Niveau an Sicherheit und Vertraulichkeit Ihrer Daten zu gew\u00e4hrleisten. Equitrend bleibt f\u00fcr diese Verarbeitung verantwortlich.<\/p>\n<h3>Cookies oder \u00e4hnliche Techniken, die wir verwenden<\/h3>\n<p>Equitrend verwendet funktionale, analytische und Tracking-Cookies. Ein Cookie ist eine kleine Textdatei, die im Browser Ihres Computers, Tablets oder Smartphones gespeichert wird, wenn Sie diese Website zum ersten Mal besuchen. Equitrend verwendet Cookies mit einer rein technischen Funktion. Diese sorgen daf\u00fcr, dass die Website ordnungsgem\u00e4\u00df funktioniert und dass beispielsweise Ihre Pr\u00e4ferenzen gespeichert werden. Diese Cookies werden auch verwendet, um das Funktionieren der Website zu gew\u00e4hrleisten und sie zu optimieren. Dar\u00fcber hinaus platzieren wir Cookies, die Ihr Surfverhalten verfolgen, damit wir Ihnen ma\u00dfgeschneiderte Inhalte und Werbung anbieten k\u00f6nnen.<\/p>\n<p>Bei Ihrem ersten Besuch auf unserer Website haben wir Sie bereits \u00fcber diese Cookies informiert und um Ihre Erlaubnis gebeten, sie zu setzen. Sie k\u00f6nnen Cookies ablehnen, indem Sie Ihren Internet-Browser so einstellen, dass er keine Cookies mehr speichert. Au\u00dferdem k\u00f6nnen Sie \u00fcber die Einstellungen Ihres Browsers alle zuvor gespeicherten Informationen l\u00f6schen.<\/p>\n<p>Eine Erkl\u00e4rung finden Sie unter: https:\/\/veiliginternetten.nl\/themes\/situatie\/cookies-wat-zijn-het-en-wat-doe-ik-ermee\/ Cookies werden auch von Dritten auf dieser Website gesetzt. Dazu geh\u00f6ren z. B. Werbetreibende und\/oder die Unternehmen der sozialen Medien.<\/p>\n<h3>Daten ansehen, \u00e4ndern oder l\u00f6schen<\/h3>\n<p>Sie haben das Recht auf Zugang, Berichtigung oder L\u00f6schung Ihrer personenbezogenen Daten. Dar\u00fcber hinaus haben Sie das Recht, Ihre eventuelle Zustimmung zur Datenverarbeitung zur\u00fcckzuziehen oder der Verarbeitung Ihrer personenbezogenen Daten durch Equitrend zu widersprechen, und Sie haben das Recht auf Daten\u00fcbertragbarkeit. Das bedeutet, dass Sie von uns verlangen k\u00f6nnen, dass wir die personenbezogenen Daten, die wir \u00fcber Sie in einer Computerdatei gespeichert haben, an Sie oder eine andere von Ihnen benannte Organisation weitergeben.<\/p>\n<p>Sie k\u00f6nnen einen Antrag auf Einsichtnahme, Berichtigung, L\u00f6schung, \u00dcbertragung Ihrer personenbezogenen Daten oder einen Antrag auf Widerruf Ihrer Einwilligung oder Widerspruch gegen die Verarbeitung Ihrer personenbezogenen Daten an info@equitrend.nl richten. Um sicherzustellen, dass der Antrag auf Einsichtnahme von Ihnen gestellt wird, bitten wir Sie, dem Antrag eine Kopie Ihres Identit\u00e4tsnachweises beizuf\u00fcgen. Schw\u00e4rzen Sie auf dieser Kopie Ihr Passfoto, die MRZ (maschinenlesbare Zone, der Zahlenstreifen am unteren Rand des Passes), die Passnummer und die B\u00fcrgerservicenummer (BSN). Dies dient dem Schutz Ihrer Privatsph\u00e4re. Wir werden Ihren Antrag so schnell wie m\u00f6glich, jedoch innerhalb von vier Wochen, beantworten.<\/p>\n<p>Equitrend m\u00f6chte Sie auch dar\u00fcber informieren, dass Sie die M\u00f6glichkeit haben, eine Beschwerde bei der nationalen Aufsichtsbeh\u00f6rde, der Beh\u00f6rde f\u00fcr personenbezogene Daten, einzureichen. Dies kann \u00fcber den folgenden Link geschehen: https:\/\/autoriteitpersoonsgegevens.nl\/nl\/contact-met-de-autoriteit-persoonsgegevens\/tip-ons<\/p>\n<h3>Wie wir personenbezogene Daten sch\u00fctzen<\/h3>\n<p>Equitrend nimmt den Schutz Ihrer Daten ernst und ergreift geeignete Ma\u00dfnahmen, um Missbrauch, Verlust, unbefugtem Zugriff, unerw\u00fcnschter Offenlegung und unbefugter \u00c4nderung entgegenzuwirken. Wenn Sie den Eindruck haben, dass Ihre Daten nicht ordnungsgem\u00e4\u00df gesichert sind oder es Anzeichen f\u00fcr einen Missbrauch gibt, wenden Sie sich bitte an unseren Kundendienst oder an info@equitrend.nl<\/p>\n<\/div><\/section><\/div><div  class='flex_column av-3l31-9da52bd5603938573bbc000f645b44b2 av_one_fifth  avia-builder-el-4  el_after_av_three_fifth  avia-builder-el-last  flex_column_div'     ><\/div>","protected":false},"excerpt":{"rendered":"","protected":false},"author":1,"featured_media":0,"parent":0,"menu_order":0,"comment_status":"closed","ping_status":"open","template":"","meta":{"_acf_changed":false,"_monsterinsights_skip_tracking":false,"_monsterinsights_sitenote_active":false,"_monsterinsights_sitenote_note":"","_monsterinsights_sitenote_category":0,"footnotes":""},"class_list":["post-3","page","type-page","status-publish","hentry"],"acf":[],"_links":{"self":[{"href":"https:\/\/www.equitrend.nl\/de\/wp-json\/wp\/v2\/pages\/3","targetHints":{"allow":["GET"]}}],"collection":[{"href":"https:\/\/www.equitrend.nl\/de\/wp-json\/wp\/v2\/pages"}],"about":[{"href":"https:\/\/www.equitrend.nl\/de\/wp-json\/wp\/v2\/types\/page"}],"author":[{"embeddable":true,"href":"https:\/\/www.equitrend.nl\/de\/wp-json\/wp\/v2\/users\/1"}],"replies":[{"embeddable":true,"href":"https:\/\/www.equitrend.nl\/de\/wp-json\/wp\/v2\/comments?post=3"}],"version-history":[{"count":4,"href":"https:\/\/www.equitrend.nl\/de\/wp-json\/wp\/v2\/pages\/3\/revisions"}],"predecessor-version":[{"id":4059,"href":"https:\/\/www.equitrend.nl\/de\/wp-json\/wp\/v2\/pages\/3\/revisions\/4059"}],"wp:attachment":[{"href":"https:\/\/www.equitrend.nl\/de\/wp-json\/wp\/v2\/media?parent=3"}],"curies":[{"name":"wp","href":"https:\/\/api.w.org\/{rel}","templated":true}]}}